{"id":94717,"date":"2017-07-02T08:14:23","date_gmt":"2017-07-02T08:14:23","guid":{"rendered":"http:\/\/www.ceramictiles.com\/srbija\/product\/mosavit-mozaik-plocice-patchwork-spring\/"},"modified":"2026-01-04T00:00:08","modified_gmt":"2026-01-04T00:00:08","slug":"mosavit-mozaik-plocice-patchwork-spring","status":"publish","type":"product","link":"https:\/\/www.keramika.com\/srbija\/mosavit-mozaik-plocice-patchwork-spring\/","title":{"rendered":"Mosavit mozaik plo\u010dice Patchwork Spring"},"content":{"rendered":"<p>Veli\u010dina mre\u017ee sa mozaikom je 30&#215;30 cm, \u0161to omogu\u0107ava jednostavnu ugradnju. Ove lepe, mozaik plo\u010dice crvene boje, \u0107e obogatiti svaki prostor. 4 mm debljine je dovoljno za zahtevnije kupce. plo\u010dica proizvo\u0111a\u010da Mosavit iz \u0160panije. 16891,2 RSD je redovna prodajna cena keramike, tu pa samo 13512,5 RSD.<\/p>\n<p>Technical description: Min. 1 box \u2013 Delivery 30 Euro\/box in EU<\/p>\n","protected":false},"excerpt":{"rendered":"<p>Veli\u010dina mre\u017ee sa mozaikom je 30&#215;30 cm, \u0161to omogu\u0107ava jednostavnu ugradnju. Ove lepe, mozaik plo\u010dice crvene boje, \u0107e obogatiti svaki prostor. 4 mm debljine je dovoljno za zahtevnije kupce. plo\u010dica proizvo\u0111a\u010da Mosavit iz \u0160panije. 16891,2 RSD je redovna prodajna cena keramike, tu pa samo 13512,5 RSD. Technical description: Min. 1 box \u2013 Delivery 30 Euro\/box [&hellip;]<\/p>\n","protected":false},"featured_media":94718,"template":"","meta":[],"product_cat":[999405,400,999,410],"product_tag":[99950093],"_links":{"self":[{"href":"https:\/\/www.keramika.com\/srbija\/wp-json\/wp\/v2\/product\/94717"}],"collection":[{"href":"https:\/\/www.keramika.com\/srbija\/wp-json\/wp\/v2\/product"}],"about":[{"href":"https:\/\/www.keramika.com\/srbija\/wp-json\/wp\/v2\/types\/product"}],"wp:featuredmedia":[{"embeddable":true,"href":"https:\/\/www.keramika.com\/srbija\/wp-json\/wp\/v2\/media\/94718"}],"wp:attachment":[{"href":"https:\/\/www.keramika.com\/srbija\/wp-json\/wp\/v2\/media?parent=94717"}],"wp:term":[{"taxonomy":"product_cat","embeddable":true,"href":"https:\/\/www.keramika.com\/srbija\/wp-json\/wp\/v2\/product_cat?post=94717"},{"taxonomy":"product_tag","embeddable":true,"href":"https:\/\/www.keramika.com\/srbija\/wp-json\/wp\/v2\/product_tag?post=94717"}],"curies":[{"name":"wp","href":"https:\/\/api.w.org\/{rel}","templated":true}]}}