{"id":94715,"date":"2017-07-02T08:13:58","date_gmt":"2017-07-02T08:13:58","guid":{"rendered":"http:\/\/www.ceramictiles.com\/srbija\/product\/mosavit-mozaik-plocice-patagonian-snowflakes\/"},"modified":"2026-01-04T00:00:08","modified_gmt":"2026-01-04T00:00:08","slug":"mosavit-mozaik-plocice-patagonian-snowflakes","status":"publish","type":"product","link":"https:\/\/www.keramika.com\/srbija\/mosavit-mozaik-plocice-patagonian-snowflakes\/","title":{"rendered":"Mosavit mozaik plo\u010dice Patagonian Snowflakes"},"content":{"rendered":"<p>Veoma moderan mozaik, dominantne bele boje, oboga\u0107uje savki prostor. Debljina od 4 mm ovog mozaika ga \u010dini vrlo izdr\u017eljivim i prijatnim na dodir. Zaradi ni\u017eih tro\u0161kova kod internetne prodaje, \u0107e te na na\u0161oj strani za taj mozaik platiti 77481,25 RSD. Mosavit mosaic Patagonian Snowflakes je proizvod iz \u0160panije te je izuzetno kvalitetna. Veli\u010dina mre\u017ee 31,6&#215;31,6 cm nakoju je pritvr\u0111en, omogu\u0107ava pritvr\u0111ivanje na razli\u010dite povr\u0161ine.<\/p>\n<p>Technical description: Min. 1 box \u2013 Delivery 30 Euro\/box in EU<\/p>\n","protected":false},"excerpt":{"rendered":"<p>Veoma moderan mozaik, dominantne bele boje, oboga\u0107uje savki prostor. Debljina od 4 mm ovog mozaika ga \u010dini vrlo izdr\u017eljivim i prijatnim na dodir. Zaradi ni\u017eih tro\u0161kova kod internetne prodaje, \u0107e te na na\u0161oj strani za taj mozaik platiti 77481,25 RSD. Mosavit mosaic Patagonian Snowflakes je proizvod iz \u0160panije te je izuzetno kvalitetna. Veli\u010dina mre\u017ee 31,6&#215;31,6 [&hellip;]<\/p>\n","protected":false},"featured_media":94716,"template":"","meta":[],"product_cat":[999405,400,999,410],"product_tag":[],"_links":{"self":[{"href":"https:\/\/www.keramika.com\/srbija\/wp-json\/wp\/v2\/product\/94715"}],"collection":[{"href":"https:\/\/www.keramika.com\/srbija\/wp-json\/wp\/v2\/product"}],"about":[{"href":"https:\/\/www.keramika.com\/srbija\/wp-json\/wp\/v2\/types\/product"}],"wp:featuredmedia":[{"embeddable":true,"href":"https:\/\/www.keramika.com\/srbija\/wp-json\/wp\/v2\/media\/94716"}],"wp:attachment":[{"href":"https:\/\/www.keramika.com\/srbija\/wp-json\/wp\/v2\/media?parent=94715"}],"wp:term":[{"taxonomy":"product_cat","embeddable":true,"href":"https:\/\/www.keramika.com\/srbija\/wp-json\/wp\/v2\/product_cat?post=94715"},{"taxonomy":"product_tag","embeddable":true,"href":"https:\/\/www.keramika.com\/srbija\/wp-json\/wp\/v2\/product_tag?post=94715"}],"curies":[{"name":"wp","href":"https:\/\/api.w.org\/{rel}","templated":true}]}}