{"id":94699,"date":"2017-07-02T08:11:21","date_gmt":"2017-07-02T08:11:21","guid":{"rendered":"http:\/\/www.ceramictiles.com\/srbija\/product\/mosavit-mozaik-plocice-mikros-magnolia\/"},"modified":"2026-01-04T00:00:07","modified_gmt":"2026-01-04T00:00:07","slug":"mosavit-mozaik-plocice-mikros-magnolia","status":"publish","type":"product","link":"https:\/\/www.keramika.com\/srbija\/mosavit-mozaik-plocice-mikros-magnolia\/","title":{"rendered":"Mosavit mozaik plo\u010dice Mikros Magnolia"},"content":{"rendered":"<p>Ove lepe, mozaik plo\u010dice narand\u017easte boje, \u0107e obogatiti svaki prostor. Mozaik je pritvr\u0111en na mre\u017eu, \u0161to olak\u0161ava njegovu ugradnju. Veli\u010dina mre\u017ee je 31,6&#215;31,6 cm , te je pogodan je za razli\u010dite povr\u0161ine. Ovaj mozaik je 4 mm, te je vrlo je izdr\u017eljiv. Mosavit mosaic Mikros Magnolia dolazi iz \u0160panije, koja je poznata po vrlo visokoj kvaliteta keramike u svetu. 35183,1 RSD je redovna prodajna cena keramike, tu pa samo 28146,25 RSD.<\/p>\n<p>Technical description: Min. 1 box \u2013 Delivery 30 Euro\/box in EU<\/p>\n","protected":false},"excerpt":{"rendered":"<p>Ove lepe, mozaik plo\u010dice narand\u017easte boje, \u0107e obogatiti svaki prostor. Mozaik je pritvr\u0111en na mre\u017eu, \u0161to olak\u0161ava njegovu ugradnju. Veli\u010dina mre\u017ee je 31,6&#215;31,6 cm , te je pogodan je za razli\u010dite povr\u0161ine. Ovaj mozaik je 4 mm, te je vrlo je izdr\u017eljiv. Mosavit mosaic Mikros Magnolia dolazi iz \u0160panije, koja je poznata po vrlo visokoj [&hellip;]<\/p>\n","protected":false},"featured_media":94700,"template":"","meta":[],"product_cat":[999405,400,999,410],"product_tag":[99950093],"_links":{"self":[{"href":"https:\/\/www.keramika.com\/srbija\/wp-json\/wp\/v2\/product\/94699"}],"collection":[{"href":"https:\/\/www.keramika.com\/srbija\/wp-json\/wp\/v2\/product"}],"about":[{"href":"https:\/\/www.keramika.com\/srbija\/wp-json\/wp\/v2\/types\/product"}],"wp:featuredmedia":[{"embeddable":true,"href":"https:\/\/www.keramika.com\/srbija\/wp-json\/wp\/v2\/media\/94700"}],"wp:attachment":[{"href":"https:\/\/www.keramika.com\/srbija\/wp-json\/wp\/v2\/media?parent=94699"}],"wp:term":[{"taxonomy":"product_cat","embeddable":true,"href":"https:\/\/www.keramika.com\/srbija\/wp-json\/wp\/v2\/product_cat?post=94699"},{"taxonomy":"product_tag","embeddable":true,"href":"https:\/\/www.keramika.com\/srbija\/wp-json\/wp\/v2\/product_tag?post=94699"}],"curies":[{"name":"wp","href":"https:\/\/api.w.org\/{rel}","templated":true}]}}