{"id":94695,"date":"2017-07-02T08:10:43","date_gmt":"2017-07-02T08:10:43","guid":{"rendered":"http:\/\/www.ceramictiles.com\/srbija\/product\/mosavit-mozaik-plocice-mikros-lila\/"},"modified":"2026-01-04T00:00:07","modified_gmt":"2026-01-04T00:00:07","slug":"mosavit-mozaik-plocice-mikros-lila","status":"publish","type":"product","link":"https:\/\/www.keramika.com\/srbija\/mosavit-mozaik-plocice-mikros-lila\/","title":{"rendered":"Mosavit mozaik plo\u010dice Mikros Lila"},"content":{"rendered":"<p>Debljina od 4 mm ovog mozaika ga \u010dini vrlo izdr\u017eljivim i prijatnim na dodir. Veli\u010dina mre\u017ee 31,6&#215;31,6 cm nakoju je pritvr\u0111en, omogu\u0107ava pritvr\u0111ivanje na razli\u010dite povr\u0161ine. Mozaik plo\u010dice ljubi\u010daste boje, su izuzetno tra\u017eene. U maloprodaji je cena 26881,25 RSD, online cena, pa je samo 21505 RSD. Ovaj mozaik je proizveden od proizvo\u0111a\u010da Mosavit, iz \u0160panije.<\/p>\n<p>Technical description: Min. 1 box \u2013 Delivery 30 Euro\/box in EU<\/p>\n","protected":false},"excerpt":{"rendered":"<p>Debljina od 4 mm ovog mozaika ga \u010dini vrlo izdr\u017eljivim i prijatnim na dodir. Veli\u010dina mre\u017ee 31,6&#215;31,6 cm nakoju je pritvr\u0111en, omogu\u0107ava pritvr\u0111ivanje na razli\u010dite povr\u0161ine. Mozaik plo\u010dice ljubi\u010daste boje, su izuzetno tra\u017eene. U maloprodaji je cena 26881,25 RSD, online cena, pa je samo 21505 RSD. Ovaj mozaik je proizveden od proizvo\u0111a\u010da Mosavit, iz \u0160panije. [&hellip;]<\/p>\n","protected":false},"featured_media":94696,"template":"","meta":[],"product_cat":[999405,400,999,410],"product_tag":[99950093],"_links":{"self":[{"href":"https:\/\/www.keramika.com\/srbija\/wp-json\/wp\/v2\/product\/94695"}],"collection":[{"href":"https:\/\/www.keramika.com\/srbija\/wp-json\/wp\/v2\/product"}],"about":[{"href":"https:\/\/www.keramika.com\/srbija\/wp-json\/wp\/v2\/types\/product"}],"wp:featuredmedia":[{"embeddable":true,"href":"https:\/\/www.keramika.com\/srbija\/wp-json\/wp\/v2\/media\/94696"}],"wp:attachment":[{"href":"https:\/\/www.keramika.com\/srbija\/wp-json\/wp\/v2\/media?parent=94695"}],"wp:term":[{"taxonomy":"product_cat","embeddable":true,"href":"https:\/\/www.keramika.com\/srbija\/wp-json\/wp\/v2\/product_cat?post=94695"},{"taxonomy":"product_tag","embeddable":true,"href":"https:\/\/www.keramika.com\/srbija\/wp-json\/wp\/v2\/product_tag?post=94695"}],"curies":[{"name":"wp","href":"https:\/\/api.w.org\/{rel}","templated":true}]}}