{"id":94691,"date":"2017-07-02T08:10:07","date_gmt":"2017-07-02T08:10:07","guid":{"rendered":"http:\/\/www.ceramictiles.com\/srbija\/product\/mosavit-mozaik-plocice-mikros-grafito\/"},"modified":"2026-01-04T00:00:06","modified_gmt":"2026-01-04T00:00:06","slug":"mosavit-mozaik-plocice-mikros-grafito","status":"publish","type":"product","link":"https:\/\/www.keramika.com\/srbija\/mosavit-mozaik-plocice-mikros-grafito\/","title":{"rendered":"Mosavit mozaik plo\u010dice Mikros Grafito"},"content":{"rendered":"<p>4 mm debljina \u0107e zadovoljiti i najzahtevnije kupce. 35183,1 RSD je redovna prodajna cena keramike, tu pa samo 28146,25 RSD. Mozaik plo\u010dice crne boje, su izuzetno tra\u017eene. plo\u010dica proizvo\u0111a\u010da Mosavit iz \u0160panije. \u0160irina i du\u017eina mre\u017ee na koju je pritvr\u0111en mozaik je 31,6&#215;31,6 cm. Mre\u017ea se jednostavno mo\u017eete polo\u017eiti na razli\u010dite povr\u0161ine.<\/p>\n<p>Technical description: Min. 1 box \u2013 Delivery 30 Euro\/box in EU<\/p>\n","protected":false},"excerpt":{"rendered":"<p>4 mm debljina \u0107e zadovoljiti i najzahtevnije kupce. 35183,1 RSD je redovna prodajna cena keramike, tu pa samo 28146,25 RSD. Mozaik plo\u010dice crne boje, su izuzetno tra\u017eene. plo\u010dica proizvo\u0111a\u010da Mosavit iz \u0160panije. \u0160irina i du\u017eina mre\u017ee na koju je pritvr\u0111en mozaik je 31,6&#215;31,6 cm. Mre\u017ea se jednostavno mo\u017eete polo\u017eiti na razli\u010dite povr\u0161ine. Technical description: Min. [&hellip;]<\/p>\n","protected":false},"featured_media":94692,"template":"","meta":[],"product_cat":[999405,400,999,410],"product_tag":[99950093],"_links":{"self":[{"href":"https:\/\/www.keramika.com\/srbija\/wp-json\/wp\/v2\/product\/94691"}],"collection":[{"href":"https:\/\/www.keramika.com\/srbija\/wp-json\/wp\/v2\/product"}],"about":[{"href":"https:\/\/www.keramika.com\/srbija\/wp-json\/wp\/v2\/types\/product"}],"wp:featuredmedia":[{"embeddable":true,"href":"https:\/\/www.keramika.com\/srbija\/wp-json\/wp\/v2\/media\/94692"}],"wp:attachment":[{"href":"https:\/\/www.keramika.com\/srbija\/wp-json\/wp\/v2\/media?parent=94691"}],"wp:term":[{"taxonomy":"product_cat","embeddable":true,"href":"https:\/\/www.keramika.com\/srbija\/wp-json\/wp\/v2\/product_cat?post=94691"},{"taxonomy":"product_tag","embeddable":true,"href":"https:\/\/www.keramika.com\/srbija\/wp-json\/wp\/v2\/product_tag?post=94691"}],"curies":[{"name":"wp","href":"https:\/\/api.w.org\/{rel}","templated":true}]}}