{"id":94689,"date":"2017-07-02T08:09:48","date_gmt":"2017-07-02T08:09:48","guid":{"rendered":"http:\/\/www.ceramictiles.com\/srbija\/product\/mosavit-mozaik-plocice-mikros-ferro\/"},"modified":"2026-01-04T00:00:06","modified_gmt":"2026-01-04T00:00:06","slug":"mosavit-mozaik-plocice-mikros-ferro","status":"publish","type":"product","link":"https:\/\/www.keramika.com\/srbija\/mosavit-mozaik-plocice-mikros-ferro\/","title":{"rendered":"Mosavit mozaik plo\u010dice Mikros Ferro"},"content":{"rendered":"<p>Naj vi\u0161e se prodaju srebrne mozik plo\u010dice. Mosavit mosaic Mikros Ferro je proizvod iz \u0160panije te je izuzetno kvalitetna. U maloprodaji je cena 26881,25 RSD, online cena, pa je samo 21505 RSD. \u0160irina i du\u017eina mre\u017ee na koju je pritvr\u0111en mozaik je 31,6&#215;31,6 cm. Mre\u017ea se jednostavno mo\u017eete polo\u017eiti na razli\u010dite povr\u0161ine. 4 mm debljine je dovoljno za zahtevnije kupce.<\/p>\n<p>Technical description: Min. 1 box \u2013 Delivery 30 Euro\/box in EU<\/p>\n","protected":false},"excerpt":{"rendered":"<p>Naj vi\u0161e se prodaju srebrne mozik plo\u010dice. Mosavit mosaic Mikros Ferro je proizvod iz \u0160panije te je izuzetno kvalitetna. U maloprodaji je cena 26881,25 RSD, online cena, pa je samo 21505 RSD. \u0160irina i du\u017eina mre\u017ee na koju je pritvr\u0111en mozaik je 31,6&#215;31,6 cm. Mre\u017ea se jednostavno mo\u017eete polo\u017eiti na razli\u010dite povr\u0161ine. 4 mm debljine [&hellip;]<\/p>\n","protected":false},"featured_media":94690,"template":"","meta":[],"product_cat":[999405,400,999,410],"product_tag":[99950093],"_links":{"self":[{"href":"https:\/\/www.keramika.com\/srbija\/wp-json\/wp\/v2\/product\/94689"}],"collection":[{"href":"https:\/\/www.keramika.com\/srbija\/wp-json\/wp\/v2\/product"}],"about":[{"href":"https:\/\/www.keramika.com\/srbija\/wp-json\/wp\/v2\/types\/product"}],"wp:featuredmedia":[{"embeddable":true,"href":"https:\/\/www.keramika.com\/srbija\/wp-json\/wp\/v2\/media\/94690"}],"wp:attachment":[{"href":"https:\/\/www.keramika.com\/srbija\/wp-json\/wp\/v2\/media?parent=94689"}],"wp:term":[{"taxonomy":"product_cat","embeddable":true,"href":"https:\/\/www.keramika.com\/srbija\/wp-json\/wp\/v2\/product_cat?post=94689"},{"taxonomy":"product_tag","embeddable":true,"href":"https:\/\/www.keramika.com\/srbija\/wp-json\/wp\/v2\/product_tag?post=94689"}],"curies":[{"name":"wp","href":"https:\/\/api.w.org\/{rel}","templated":true}]}}