{"id":94655,"date":"2017-07-02T08:03:40","date_gmt":"2017-07-02T08:03:40","guid":{"rendered":"http:\/\/www.ceramictiles.com\/srbija\/product\/mosavit-mozaik-plocice-indian-cachemir\/"},"modified":"2026-01-03T00:03:22","modified_gmt":"2026-01-03T00:03:22","slug":"mosavit-mozaik-plocice-indian-cachemir","status":"publish","type":"product","link":"https:\/\/www.keramika.com\/srbija\/mosavit-mozaik-plocice-indian-cachemir\/","title":{"rendered":"Mosavit mozaik plo\u010dice Indian Cachemir"},"content":{"rendered":"<p>Mozaik plo\u010dice su na mre\u017ei, \u0161to olak\u0161ava njegovu instalaciju. Veli\u010dina mre\u017ee je 31,6&#215;31,6 cm. Ovaj mozaik je dostupan u prekrasnoj plave dominantnoj boji. Ako \u017eelite da razli\u010dite boje kontaktirajte nas i mi \u0107emo proveriti kod proizvo\u0111a\u010da. Mosavit mosaic Indian Cachemir dolazi iz \u0160panije, koja je poznata po vrlo visokoj kvaliteta keramike u svetu. Mozaik je debljine 4 mm, \u0161to ga \u010dini izuzetno tvrdim. 92898,15 RSD je redovna prodajna cena keramike, tu pa samo 74318,75 RSD.<\/p>\n<p>Technical description: Min. 1 box \u2013 Delivery 30 Euro\/box in EU<\/p>\n","protected":false},"excerpt":{"rendered":"<p>Mozaik plo\u010dice su na mre\u017ei, \u0161to olak\u0161ava njegovu instalaciju. Veli\u010dina mre\u017ee je 31,6&#215;31,6 cm. Ovaj mozaik je dostupan u prekrasnoj plave dominantnoj boji. Ako \u017eelite da razli\u010dite boje kontaktirajte nas i mi \u0107emo proveriti kod proizvo\u0111a\u010da. Mosavit mosaic Indian Cachemir dolazi iz \u0160panije, koja je poznata po vrlo visokoj kvaliteta keramike u svetu. Mozaik je [&hellip;]<\/p>\n","protected":false},"featured_media":94656,"template":"","meta":[],"product_cat":[999405,400,999,410],"product_tag":[],"_links":{"self":[{"href":"https:\/\/www.keramika.com\/srbija\/wp-json\/wp\/v2\/product\/94655"}],"collection":[{"href":"https:\/\/www.keramika.com\/srbija\/wp-json\/wp\/v2\/product"}],"about":[{"href":"https:\/\/www.keramika.com\/srbija\/wp-json\/wp\/v2\/types\/product"}],"wp:featuredmedia":[{"embeddable":true,"href":"https:\/\/www.keramika.com\/srbija\/wp-json\/wp\/v2\/media\/94656"}],"wp:attachment":[{"href":"https:\/\/www.keramika.com\/srbija\/wp-json\/wp\/v2\/media?parent=94655"}],"wp:term":[{"taxonomy":"product_cat","embeddable":true,"href":"https:\/\/www.keramika.com\/srbija\/wp-json\/wp\/v2\/product_cat?post=94655"},{"taxonomy":"product_tag","embeddable":true,"href":"https:\/\/www.keramika.com\/srbija\/wp-json\/wp\/v2\/product_tag?post=94655"}],"curies":[{"name":"wp","href":"https:\/\/api.w.org\/{rel}","templated":true}]}}