{"id":94649,"date":"2017-07-02T08:02:33","date_gmt":"2017-07-02T08:02:33","guid":{"rendered":"http:\/\/www.ceramictiles.com\/srbija\/product\/mosavit-mozaik-plocice-hungarian-butterflies\/"},"modified":"2026-01-03T00:03:22","modified_gmt":"2026-01-03T00:03:22","slug":"mosavit-mozaik-plocice-hungarian-butterflies","status":"publish","type":"product","link":"https:\/\/www.keramika.com\/srbija\/mosavit-mozaik-plocice-hungarian-butterflies\/","title":{"rendered":"Mosavit mozaik plo\u010dice Hungarian Butterflies"},"content":{"rendered":"<p>Mozaik je iz \u0160panije , koja je poznata u svetu kao jedan od najboljih proizvo\u0111a\u010da mozaik plo\u010dica. Veoma moderan mozaik, dominantne bele boje, oboga\u0107uje savki prostor. \u0160irina i du\u017eina mre\u017ee na koju je pritvr\u0111en mozaik je 31,6&#215;31,6 cm. Mre\u017ea se jednostavno mo\u017eete polo\u017eiti na razli\u010dite povr\u0161ine. Redovna cena tog mozaika u maloprodaji je 92898,15 RSD, a u na\u0161oj online trgovini, ga mo\u017eete dobiti za 74318,75 RSD. 4 mm debljina \u0107e zadovoljiti i najzahtevnije kupce.<\/p>\n<p>Technical description: Min. 1 box \u2013 Delivery 30 Euro\/box in EU<\/p>\n","protected":false},"excerpt":{"rendered":"<p>Mozaik je iz \u0160panije , koja je poznata u svetu kao jedan od najboljih proizvo\u0111a\u010da mozaik plo\u010dica. Veoma moderan mozaik, dominantne bele boje, oboga\u0107uje savki prostor. \u0160irina i du\u017eina mre\u017ee na koju je pritvr\u0111en mozaik je 31,6&#215;31,6 cm. Mre\u017ea se jednostavno mo\u017eete polo\u017eiti na razli\u010dite povr\u0161ine. Redovna cena tog mozaika u maloprodaji je 92898,15 RSD, [&hellip;]<\/p>\n","protected":false},"featured_media":94650,"template":"","meta":[],"product_cat":[999405,400,999,410],"product_tag":[],"_links":{"self":[{"href":"https:\/\/www.keramika.com\/srbija\/wp-json\/wp\/v2\/product\/94649"}],"collection":[{"href":"https:\/\/www.keramika.com\/srbija\/wp-json\/wp\/v2\/product"}],"about":[{"href":"https:\/\/www.keramika.com\/srbija\/wp-json\/wp\/v2\/types\/product"}],"wp:featuredmedia":[{"embeddable":true,"href":"https:\/\/www.keramika.com\/srbija\/wp-json\/wp\/v2\/media\/94650"}],"wp:attachment":[{"href":"https:\/\/www.keramika.com\/srbija\/wp-json\/wp\/v2\/media?parent=94649"}],"wp:term":[{"taxonomy":"product_cat","embeddable":true,"href":"https:\/\/www.keramika.com\/srbija\/wp-json\/wp\/v2\/product_cat?post=94649"},{"taxonomy":"product_tag","embeddable":true,"href":"https:\/\/www.keramika.com\/srbija\/wp-json\/wp\/v2\/product_tag?post=94649"}],"curies":[{"name":"wp","href":"https:\/\/api.w.org\/{rel}","templated":true}]}}