{"id":94645,"date":"2017-08-03T08:01:56","date_gmt":"2017-08-03T08:01:56","guid":{"rendered":"http:\/\/www.ceramictiles.com\/srbija\/product\/mosavit-mozaik-plocice-exa-blanco\/"},"modified":"2026-01-03T00:03:21","modified_gmt":"2026-01-03T00:03:21","slug":"hexagon-mozaik-plocice-blanco","status":"publish","type":"product","link":"https:\/\/www.keramika.com\/srbija\/hexagon-mozaik-plocice-blanco\/","title":{"rendered":"Hexagon mozaik plo\u010dice Blanco"},"content":{"rendered":"<p>Redovna cena tog mozaika u maloprodaji je 3558,1 RSD, a u na\u0161oj online trgovini, ga mo\u017eete dobiti za 2846,25 RSD. Prilikom izbora mozaika u glavnom bele boji ne\u0107ete pogre\u0161iti Mozaik je pritvr\u0111en na mre\u017eu, \u0161to olak\u0161ava njegovu ugradnju. Veli\u010dina mre\u017ee je 30&#215;30 cm , te je pogodan je za razli\u010dite povr\u0161ine. Mozaik je debljine 4 mm, \u0161to ga \u010dini izuzetno tvrdim. Mosavit mosaic Exa Blanco dolazi iz \u0160panije, koja je poznata po vrlo visokoj kvaliteta keramike u svetu.<br \/>\nTehni\u010dki opis:<br \/>\n11 komada\/kutija (30,2k30,5)<br \/>\n17,4 kg\/kutija<br \/>\nMin. 1 bok &#8211; Dostava 30 Euro\/kutija u EU<\/p>\n","protected":false},"excerpt":{"rendered":"<p>Prirodni kamen i staklene mozaik plo\u010dice.<\/p>\n","protected":false},"featured_media":94646,"template":"","meta":[],"product_cat":[420,999405,400,999,410],"product_tag":[99950088,99950089],"_links":{"self":[{"href":"https:\/\/www.keramika.com\/srbija\/wp-json\/wp\/v2\/product\/94645"}],"collection":[{"href":"https:\/\/www.keramika.com\/srbija\/wp-json\/wp\/v2\/product"}],"about":[{"href":"https:\/\/www.keramika.com\/srbija\/wp-json\/wp\/v2\/types\/product"}],"wp:featuredmedia":[{"embeddable":true,"href":"https:\/\/www.keramika.com\/srbija\/wp-json\/wp\/v2\/media\/94646"}],"wp:attachment":[{"href":"https:\/\/www.keramika.com\/srbija\/wp-json\/wp\/v2\/media?parent=94645"}],"wp:term":[{"taxonomy":"product_cat","embeddable":true,"href":"https:\/\/www.keramika.com\/srbija\/wp-json\/wp\/v2\/product_cat?post=94645"},{"taxonomy":"product_tag","embeddable":true,"href":"https:\/\/www.keramika.com\/srbija\/wp-json\/wp\/v2\/product_tag?post=94645"}],"curies":[{"name":"wp","href":"https:\/\/api.w.org\/{rel}","templated":true}]}}