{"id":94639,"date":"2017-07-02T08:00:57","date_gmt":"2017-07-02T08:00:57","guid":{"rendered":"http:\/\/www.ceramictiles.com\/srbija\/product\/mosavit-mozaik-plocice-frech-pied-de-poule\/"},"modified":"2026-01-03T00:03:21","modified_gmt":"2026-01-03T00:03:21","slug":"mosavit-mozaik-plocice-frech-pied-de-poule","status":"publish","type":"product","link":"https:\/\/www.keramika.com\/srbija\/mosavit-mozaik-plocice-frech-pied-de-poule\/","title":{"rendered":"Mosavit mozaik plo\u010dice Frech Pied-De-Poule"},"content":{"rendered":"<p>Mosavit mosaic Frech Pied-De-Poule je proizvod iz \u0160panije te je izuzetno kvalitetna. \u0160irina i du\u017eina mre\u017ee na koju je pritvr\u0111en mozaik je 31,6&#215;31,6 cm. Mre\u017ea se jednostavno mo\u017eete polo\u017eiti na razli\u010dite povr\u0161ine. 4 mm debljine je dovoljno za zahtevnije kupce. Veoma moderan mozaik, dominantne bele boje, oboga\u0107uje savki prostor. Zaradi ni\u017eih tro\u0161kova kod internetne prodaje, \u0107e te na na\u0161oj strani za taj mozaik platiti 60087,5 RSD.<\/p>\n<p>Technical description: Min. 1 box \u2013 Delivery 30 Euro\/box in EU<\/p>\n","protected":false},"excerpt":{"rendered":"<p>Mosavit mosaic Frech Pied-De-Poule je proizvod iz \u0160panije te je izuzetno kvalitetna. \u0160irina i du\u017eina mre\u017ee na koju je pritvr\u0111en mozaik je 31,6&#215;31,6 cm. Mre\u017ea se jednostavno mo\u017eete polo\u017eiti na razli\u010dite povr\u0161ine. 4 mm debljine je dovoljno za zahtevnije kupce. Veoma moderan mozaik, dominantne bele boje, oboga\u0107uje savki prostor. Zaradi ni\u017eih tro\u0161kova kod internetne prodaje, [&hellip;]<\/p>\n","protected":false},"featured_media":94640,"template":"","meta":[],"product_cat":[999405,400,999,410],"product_tag":[],"_links":{"self":[{"href":"https:\/\/www.keramika.com\/srbija\/wp-json\/wp\/v2\/product\/94639"}],"collection":[{"href":"https:\/\/www.keramika.com\/srbija\/wp-json\/wp\/v2\/product"}],"about":[{"href":"https:\/\/www.keramika.com\/srbija\/wp-json\/wp\/v2\/types\/product"}],"wp:featuredmedia":[{"embeddable":true,"href":"https:\/\/www.keramika.com\/srbija\/wp-json\/wp\/v2\/media\/94640"}],"wp:attachment":[{"href":"https:\/\/www.keramika.com\/srbija\/wp-json\/wp\/v2\/media?parent=94639"}],"wp:term":[{"taxonomy":"product_cat","embeddable":true,"href":"https:\/\/www.keramika.com\/srbija\/wp-json\/wp\/v2\/product_cat?post=94639"},{"taxonomy":"product_tag","embeddable":true,"href":"https:\/\/www.keramika.com\/srbija\/wp-json\/wp\/v2\/product_tag?post=94639"}],"curies":[{"name":"wp","href":"https:\/\/api.w.org\/{rel}","templated":true}]}}