{"id":94635,"date":"2017-07-02T08:00:26","date_gmt":"2017-07-02T08:00:26","guid":{"rendered":"http:\/\/www.ceramictiles.com\/srbija\/product\/mosavit-mozaik-plocice-fachaleta-beige\/"},"modified":"2026-01-03T00:03:20","modified_gmt":"2026-01-03T00:03:20","slug":"mosavit-mozaik-plocice-fachaleta-beige","status":"publish","type":"product","link":"https:\/\/www.keramika.com\/srbija\/mosavit-mozaik-plocice-fachaleta-beige\/","title":{"rendered":"Mosavit mozaik plo\u010dice Fachaleta Beige"},"content":{"rendered":"<p>Mozaik je iz \u0160panije , koja je poznata u svetu kao jedan od najboljih proizvo\u0111a\u010da mozaik plo\u010dica. Ovaj mozaik je 12 mm, te je vrlo je izdr\u017eljiv. Na na\u0161em sajtu, \u0107e te dobiti mozaik za samo 13167,5 RSD, dok je u maloprodaji 16458,8 RSD. Mozaik plo\u010dice be\u017e boje, su izuzetno tra\u017eene. \u0160irina i du\u017eina mre\u017ee na koju je pritvr\u0111en mozaik je 15&#215;50 cm. Mre\u017ea se jednostavno mo\u017eete polo\u017eiti na razli\u010dite povr\u0161ine.<\/p>\n<p>Technical description: Min. 1 box \u2013 Delivery 30 Euro\/box in EU<\/p>\n","protected":false},"excerpt":{"rendered":"<p>Mozaik je iz \u0160panije , koja je poznata u svetu kao jedan od najboljih proizvo\u0111a\u010da mozaik plo\u010dica. Ovaj mozaik je 12 mm, te je vrlo je izdr\u017eljiv. Na na\u0161em sajtu, \u0107e te dobiti mozaik za samo 13167,5 RSD, dok je u maloprodaji 16458,8 RSD. Mozaik plo\u010dice be\u017e boje, su izuzetno tra\u017eene. \u0160irina i du\u017eina mre\u017ee [&hellip;]<\/p>\n","protected":false},"featured_media":94636,"template":"","meta":[],"product_cat":[420,999405,400,999],"product_tag":[],"_links":{"self":[{"href":"https:\/\/www.keramika.com\/srbija\/wp-json\/wp\/v2\/product\/94635"}],"collection":[{"href":"https:\/\/www.keramika.com\/srbija\/wp-json\/wp\/v2\/product"}],"about":[{"href":"https:\/\/www.keramika.com\/srbija\/wp-json\/wp\/v2\/types\/product"}],"wp:featuredmedia":[{"embeddable":true,"href":"https:\/\/www.keramika.com\/srbija\/wp-json\/wp\/v2\/media\/94636"}],"wp:attachment":[{"href":"https:\/\/www.keramika.com\/srbija\/wp-json\/wp\/v2\/media?parent=94635"}],"wp:term":[{"taxonomy":"product_cat","embeddable":true,"href":"https:\/\/www.keramika.com\/srbija\/wp-json\/wp\/v2\/product_cat?post=94635"},{"taxonomy":"product_tag","embeddable":true,"href":"https:\/\/www.keramika.com\/srbija\/wp-json\/wp\/v2\/product_tag?post=94635"}],"curies":[{"name":"wp","href":"https:\/\/api.w.org\/{rel}","templated":true}]}}