{"id":94631,"date":"2017-07-02T07:59:51","date_gmt":"2017-07-02T07:59:51","guid":{"rendered":"http:\/\/www.ceramictiles.com\/srbija\/product\/mosavit-mozaik-plocice-english-rose\/"},"modified":"2026-01-03T00:03:20","modified_gmt":"2026-01-03T00:03:20","slug":"mosavit-mozaik-plocice-english-rose","status":"publish","type":"product","link":"https:\/\/www.keramika.com\/srbija\/mosavit-mozaik-plocice-english-rose\/","title":{"rendered":"Mosavit mozaik plo\u010dice English Rose"},"content":{"rendered":"<p>4 mm debljina \u0107e zadovoljiti i najzahtevnije kupce. Ove mozaik plo\u010dice doleaze iz \u0160panije, koja je poznata po kvalitetnom mozaiku. Dimenzije mre\u017ee na koju je pritvr\u0111en mozaik je 31,6&#215;31,6 cm. Mre\u017ea omogu\u0107ava jednostavnu instalaciju. Namjesto 92898,15 RSD \u0161to je cena u maloprodaji, Vi pla\u0107ate samo 74318,75 RSD. Plo\u010dice bele boje osvje\u017eit \u0107e svaki prostor.<\/p>\n<p>Technical description: Min. 1 box \u2013 Delivery 30 Euro\/box in EU<\/p>\n","protected":false},"excerpt":{"rendered":"<p>4 mm debljina \u0107e zadovoljiti i najzahtevnije kupce. Ove mozaik plo\u010dice doleaze iz \u0160panije, koja je poznata po kvalitetnom mozaiku. Dimenzije mre\u017ee na koju je pritvr\u0111en mozaik je 31,6&#215;31,6 cm. Mre\u017ea omogu\u0107ava jednostavnu instalaciju. Namjesto 92898,15 RSD \u0161to je cena u maloprodaji, Vi pla\u0107ate samo 74318,75 RSD. Plo\u010dice bele boje osvje\u017eit \u0107e svaki prostor. Technical [&hellip;]<\/p>\n","protected":false},"featured_media":94632,"template":"","meta":[],"product_cat":[999405,400,999,410],"product_tag":[],"_links":{"self":[{"href":"https:\/\/www.keramika.com\/srbija\/wp-json\/wp\/v2\/product\/94631"}],"collection":[{"href":"https:\/\/www.keramika.com\/srbija\/wp-json\/wp\/v2\/product"}],"about":[{"href":"https:\/\/www.keramika.com\/srbija\/wp-json\/wp\/v2\/types\/product"}],"wp:featuredmedia":[{"embeddable":true,"href":"https:\/\/www.keramika.com\/srbija\/wp-json\/wp\/v2\/media\/94632"}],"wp:attachment":[{"href":"https:\/\/www.keramika.com\/srbija\/wp-json\/wp\/v2\/media?parent=94631"}],"wp:term":[{"taxonomy":"product_cat","embeddable":true,"href":"https:\/\/www.keramika.com\/srbija\/wp-json\/wp\/v2\/product_cat?post=94631"},{"taxonomy":"product_tag","embeddable":true,"href":"https:\/\/www.keramika.com\/srbija\/wp-json\/wp\/v2\/product_tag?post=94631"}],"curies":[{"name":"wp","href":"https:\/\/api.w.org\/{rel}","templated":true}]}}