{"id":94619,"date":"2017-07-02T07:57:44","date_gmt":"2017-07-02T07:57:44","guid":{"rendered":"http:\/\/www.ceramictiles.com\/srbija\/product\/mosavit-mozaik-plocice-degradado-acquaris-azul\/"},"modified":"2026-01-03T00:03:19","modified_gmt":"2026-01-03T00:03:19","slug":"mosavit-mozaik-plocice-degradado-acquaris-azul","status":"publish","type":"product","link":"https:\/\/www.keramika.com\/srbija\/mosavit-mozaik-plocice-degradado-acquaris-azul\/","title":{"rendered":"Mosavit mozaik plo\u010dice Degradado Acquaris Azul"},"content":{"rendered":"<p>Mozaik je pritvr\u0111en na mre\u017eu, \u0161to olak\u0161ava njegovu ugradnju. Veli\u010dina mre\u017ee je 31,6&#215;31,6 cm , te je pogodan je za razli\u010dite povr\u0161ine. U maloprodaji je cena 19766,2 RSD, online cena, pa je samo 15812,5 RSD. Prilikom izbora mozaika u glavnom bele boji ne\u0107ete pogre\u0161iti Mosavit mosaic Degradado Acquaris Azul je proizvod iz \u0160panije te je izuzetno kvalitetna. 4 mm debljine je dovoljno za zahtevnije kupce.<\/p>\n<p>Technical description: Min. 1 box \u2013 Delivery 30 Euro\/box in EU<\/p>\n","protected":false},"excerpt":{"rendered":"<p>Mozaik je pritvr\u0111en na mre\u017eu, \u0161to olak\u0161ava njegovu ugradnju. Veli\u010dina mre\u017ee je 31,6&#215;31,6 cm , te je pogodan je za razli\u010dite povr\u0161ine. U maloprodaji je cena 19766,2 RSD, online cena, pa je samo 15812,5 RSD. Prilikom izbora mozaika u glavnom bele boji ne\u0107ete pogre\u0161iti Mosavit mosaic Degradado Acquaris Azul je proizvod iz \u0160panije te je [&hellip;]<\/p>\n","protected":false},"featured_media":94620,"template":"","meta":[],"product_cat":[999405,400,999,410],"product_tag":[99950093],"_links":{"self":[{"href":"https:\/\/www.keramika.com\/srbija\/wp-json\/wp\/v2\/product\/94619"}],"collection":[{"href":"https:\/\/www.keramika.com\/srbija\/wp-json\/wp\/v2\/product"}],"about":[{"href":"https:\/\/www.keramika.com\/srbija\/wp-json\/wp\/v2\/types\/product"}],"wp:featuredmedia":[{"embeddable":true,"href":"https:\/\/www.keramika.com\/srbija\/wp-json\/wp\/v2\/media\/94620"}],"wp:attachment":[{"href":"https:\/\/www.keramika.com\/srbija\/wp-json\/wp\/v2\/media?parent=94619"}],"wp:term":[{"taxonomy":"product_cat","embeddable":true,"href":"https:\/\/www.keramika.com\/srbija\/wp-json\/wp\/v2\/product_cat?post=94619"},{"taxonomy":"product_tag","embeddable":true,"href":"https:\/\/www.keramika.com\/srbija\/wp-json\/wp\/v2\/product_tag?post=94619"}],"curies":[{"name":"wp","href":"https:\/\/api.w.org\/{rel}","templated":true}]}}