{"id":94617,"date":"2017-07-02T07:57:26","date_gmt":"2017-07-02T07:57:26","guid":{"rendered":"http:\/\/www.ceramictiles.com\/srbija\/product\/mosavit-mozaik-plocice-danish-star\/"},"modified":"2026-01-03T00:03:19","modified_gmt":"2026-01-03T00:03:19","slug":"mosavit-mozaik-plocice-danish-star","status":"publish","type":"product","link":"https:\/\/www.keramika.com\/srbija\/mosavit-mozaik-plocice-danish-star\/","title":{"rendered":"Mosavit mozaik plo\u010dice Danish Star"},"content":{"rendered":"<p>Ovaj mozaik je proizveden od proizvo\u0111a\u010da Mosavit, iz \u0160panije. Veoma moderan mozaik, dominantne bele boje, oboga\u0107uje savki prostor. Mozaik je debljine 4 mm, \u0161to ga \u010dini izuzetno tvrdim. U maloprodaji je cena 96851,85 RSD, online cena, pa je samo 77481,25 RSD. Dimenzije mre\u017ee na koju je pritvr\u0111en mozaik je 31,6&#215;31,6 cm. Mre\u017ea omogu\u0107ava jednostavnu instalaciju.<\/p>\n<p>Technical description: Min. 1 box \u2013 Delivery 30 Euro\/box in EU<\/p>\n","protected":false},"excerpt":{"rendered":"<p>Ovaj mozaik je proizveden od proizvo\u0111a\u010da Mosavit, iz \u0160panije. Veoma moderan mozaik, dominantne bele boje, oboga\u0107uje savki prostor. Mozaik je debljine 4 mm, \u0161to ga \u010dini izuzetno tvrdim. U maloprodaji je cena 96851,85 RSD, online cena, pa je samo 77481,25 RSD. Dimenzije mre\u017ee na koju je pritvr\u0111en mozaik je 31,6&#215;31,6 cm. Mre\u017ea omogu\u0107ava jednostavnu instalaciju. [&hellip;]<\/p>\n","protected":false},"featured_media":94618,"template":"","meta":[],"product_cat":[999405,400,999,410],"product_tag":[],"_links":{"self":[{"href":"https:\/\/www.keramika.com\/srbija\/wp-json\/wp\/v2\/product\/94617"}],"collection":[{"href":"https:\/\/www.keramika.com\/srbija\/wp-json\/wp\/v2\/product"}],"about":[{"href":"https:\/\/www.keramika.com\/srbija\/wp-json\/wp\/v2\/types\/product"}],"wp:featuredmedia":[{"embeddable":true,"href":"https:\/\/www.keramika.com\/srbija\/wp-json\/wp\/v2\/media\/94618"}],"wp:attachment":[{"href":"https:\/\/www.keramika.com\/srbija\/wp-json\/wp\/v2\/media?parent=94617"}],"wp:term":[{"taxonomy":"product_cat","embeddable":true,"href":"https:\/\/www.keramika.com\/srbija\/wp-json\/wp\/v2\/product_cat?post=94617"},{"taxonomy":"product_tag","embeddable":true,"href":"https:\/\/www.keramika.com\/srbija\/wp-json\/wp\/v2\/product_tag?post=94617"}],"curies":[{"name":"wp","href":"https:\/\/api.w.org\/{rel}","templated":true}]}}