{"id":94605,"date":"2017-10-26T07:55:16","date_gmt":"2017-10-26T07:55:16","guid":{"rendered":"http:\/\/www.ceramictiles.com\/srbija\/product\/mosavit-mozaik-plocice-canto-negra\/"},"modified":"2026-01-03T00:03:18","modified_gmt":"2026-01-03T00:03:18","slug":"mosavit-mozaik-plocice-canto-negra","status":"publish","type":"product","link":"https:\/\/www.keramika.com\/srbija\/mosavit-mozaik-plocice-canto-negra\/","title":{"rendered":"Mosavit mozaik plo\u010dice Canto Negra"},"content":{"rendered":"<p>Prilikom izbora mozaika u glavnom crne boji ne\u0107ete pogre\u0161iti 19226,85 RSD je redovna prodajna cena keramike, tu pa samo 15381,25 RSD. Mosavit mosaic Canto Negra dolazi iz \u0160panije, koja je poznata po vrlo visokoj kvaliteta keramike u svetu. Mozaik je pritvr\u0111en na mre\u017eu, \u0161to olak\u0161ava njegovu ugradnju. Veli\u010dina mre\u017ee je 30&#215;30 cm , te je pogodan je za razli\u010dite povr\u0161ine. 4 mm debljine je dovoljno za zahtevnije kupce.<\/p>\n<p>Minimalna narud\u017eba, puna kutija.<br \/>\nDostava 30 eura \/ kutija.<\/p>\n","protected":false},"excerpt":{"rendered":"<p>Crni mozaik od prirodnog kamena<\/p>\n","protected":false},"featured_media":94606,"template":"","meta":[],"product_cat":[420,999405,400,999],"product_tag":[99950092],"_links":{"self":[{"href":"https:\/\/www.keramika.com\/srbija\/wp-json\/wp\/v2\/product\/94605"}],"collection":[{"href":"https:\/\/www.keramika.com\/srbija\/wp-json\/wp\/v2\/product"}],"about":[{"href":"https:\/\/www.keramika.com\/srbija\/wp-json\/wp\/v2\/types\/product"}],"wp:featuredmedia":[{"embeddable":true,"href":"https:\/\/www.keramika.com\/srbija\/wp-json\/wp\/v2\/media\/94606"}],"wp:attachment":[{"href":"https:\/\/www.keramika.com\/srbija\/wp-json\/wp\/v2\/media?parent=94605"}],"wp:term":[{"taxonomy":"product_cat","embeddable":true,"href":"https:\/\/www.keramika.com\/srbija\/wp-json\/wp\/v2\/product_cat?post=94605"},{"taxonomy":"product_tag","embeddable":true,"href":"https:\/\/www.keramika.com\/srbija\/wp-json\/wp\/v2\/product_tag?post=94605"}],"curies":[{"name":"wp","href":"https:\/\/api.w.org\/{rel}","templated":true}]}}