{"id":94603,"date":"2017-10-02T07:54:55","date_gmt":"2017-10-02T07:54:55","guid":{"rendered":"http:\/\/www.ceramictiles.com\/srbija\/product\/mosavit-mozaik-plocice-canto-mix\/"},"modified":"2026-01-03T00:03:17","modified_gmt":"2026-01-03T00:03:17","slug":"mosavit-mozaik-plocice-canto-mix","status":"publish","type":"product","link":"https:\/\/www.keramika.com\/srbija\/mosavit-mozaik-plocice-canto-mix\/","title":{"rendered":"Mosavit mozaik plo\u010dice Canto Mix"},"content":{"rendered":"<p>Mozaik je iz \u0160panije , koja je poznata u svetu kao jedan od najboljih proizvo\u0111a\u010da mozaik plo\u010dica. 4 mm debljine je dovoljno za zahtevnije kupce. Veli\u010dina mre\u017ee sa mozaikom je 30&#215;30 cm, \u0161to omogu\u0107ava jednostavnu ugradnju. U maloprodaji je cena 19226,85 RSD, online cena, pa je samo 15381,25 RSD. Plo\u010dice be\u017e boje osvje\u017eit \u0107e svaki prostor.<\/p>\n<p>Minimalna narud\u017eba, puna kutija.<br \/>\nDostava 30 eura \/ kutija na teritoriju EU.<\/p>\n","protected":false},"excerpt":{"rendered":"<p>Mozaik od prirodnog kamena<\/p>\n","protected":false},"featured_media":94604,"template":"","meta":[],"product_cat":[420,999405,400,999],"product_tag":[99950092],"_links":{"self":[{"href":"https:\/\/www.keramika.com\/srbija\/wp-json\/wp\/v2\/product\/94603"}],"collection":[{"href":"https:\/\/www.keramika.com\/srbija\/wp-json\/wp\/v2\/product"}],"about":[{"href":"https:\/\/www.keramika.com\/srbija\/wp-json\/wp\/v2\/types\/product"}],"wp:featuredmedia":[{"embeddable":true,"href":"https:\/\/www.keramika.com\/srbija\/wp-json\/wp\/v2\/media\/94604"}],"wp:attachment":[{"href":"https:\/\/www.keramika.com\/srbija\/wp-json\/wp\/v2\/media?parent=94603"}],"wp:term":[{"taxonomy":"product_cat","embeddable":true,"href":"https:\/\/www.keramika.com\/srbija\/wp-json\/wp\/v2\/product_cat?post=94603"},{"taxonomy":"product_tag","embeddable":true,"href":"https:\/\/www.keramika.com\/srbija\/wp-json\/wp\/v2\/product_tag?post=94603"}],"curies":[{"name":"wp","href":"https:\/\/api.w.org\/{rel}","templated":true}]}}