{"id":94601,"date":"2017-10-02T07:54:37","date_gmt":"2017-10-02T07:54:37","guid":{"rendered":"http:\/\/www.ceramictiles.com\/srbija\/product\/mosavit-mozaik-plocice-canto-blanca\/"},"modified":"2026-01-03T00:03:17","modified_gmt":"2026-01-03T00:03:17","slug":"mosavit-mozaik-plocice-canto-blanca","status":"publish","type":"product","link":"https:\/\/www.keramika.com\/srbija\/mosavit-mozaik-plocice-canto-blanca\/","title":{"rendered":"Mosavit mozaik plo\u010dice Canto Blanca"},"content":{"rendered":"<p>Veli\u010dina mre\u017ee sa mozaikom je 30&#215;30 cm, \u0161to omogu\u0107ava jednostavnu ugradnju. Ovaj mozaik je dostupan u prekrasnoj bele dominantnoj boji. Ako \u017eelite da razli\u010dite boje kontaktirajte nas i mi \u0107emo proveriti kod proizvo\u0111a\u010da. 19585,65 RSD je redovna prodajna cena keramike, tu pa samo 15668,75 RSD. 4 mm debljine je dovoljno za zahtevnije kupce. Ovaj mozaik je proizveden od proizvo\u0111a\u010da Mosavit, iz \u0160panije.<\/p>\n<p>Minimalna narud\u017eba, puna kutija.<br \/>\nDostava 30 eura \/ kutija na teritoriju EU.<\/p>\n","protected":false},"excerpt":{"rendered":"<p>Bijeli mozaik od prirodnog kamena<\/p>\n","protected":false},"featured_media":94602,"template":"","meta":[],"product_cat":[420,999405,400,999],"product_tag":[99950092],"_links":{"self":[{"href":"https:\/\/www.keramika.com\/srbija\/wp-json\/wp\/v2\/product\/94601"}],"collection":[{"href":"https:\/\/www.keramika.com\/srbija\/wp-json\/wp\/v2\/product"}],"about":[{"href":"https:\/\/www.keramika.com\/srbija\/wp-json\/wp\/v2\/types\/product"}],"wp:featuredmedia":[{"embeddable":true,"href":"https:\/\/www.keramika.com\/srbija\/wp-json\/wp\/v2\/media\/94602"}],"wp:attachment":[{"href":"https:\/\/www.keramika.com\/srbija\/wp-json\/wp\/v2\/media?parent=94601"}],"wp:term":[{"taxonomy":"product_cat","embeddable":true,"href":"https:\/\/www.keramika.com\/srbija\/wp-json\/wp\/v2\/product_cat?post=94601"},{"taxonomy":"product_tag","embeddable":true,"href":"https:\/\/www.keramika.com\/srbija\/wp-json\/wp\/v2\/product_tag?post=94601"}],"curies":[{"name":"wp","href":"https:\/\/api.w.org\/{rel}","templated":true}]}}