{"id":94593,"date":"2017-07-02T07:53:16","date_gmt":"2017-07-02T07:53:16","guid":{"rendered":"http:\/\/www.ceramictiles.com\/srbija\/product\/mosavit-mozaik-plocice-benares\/"},"modified":"2026-01-03T00:03:17","modified_gmt":"2026-01-03T00:03:17","slug":"mosavit-mozaik-plocice-benares","status":"publish","type":"product","link":"https:\/\/www.keramika.com\/srbija\/mosavit-mozaik-plocice-benares\/","title":{"rendered":"Mosavit mozaik plo\u010dice Benares"},"content":{"rendered":"<p>Veli\u010dina mre\u017ee 31,6&#215;31,6 cm nakoju je pritvr\u0111en, omogu\u0107ava pritvr\u0111ivanje na razli\u010dite povr\u0161ine. Na na\u0161em sajtu, \u0107e te dobiti mozaik za samo 13512,5 RSD, dok je u maloprodaji 16891,2 RSD. Mozaik je debljine 4 mm, \u0161to ga \u010dini izuzetno tvrdim. Mosavit mosaic Benares dolazi iz \u0160panije, koja je poznata po vrlo visokoj kvaliteta keramike u svetu. Naj vi\u0161e se prodaju be\u017e mozik plo\u010dice.<\/p>\n<p>Technical description: Min. 1 box \u2013 Delivery 30 Euro\/box in EU<\/p>\n","protected":false},"excerpt":{"rendered":"<p>Veli\u010dina mre\u017ee 31,6&#215;31,6 cm nakoju je pritvr\u0111en, omogu\u0107ava pritvr\u0111ivanje na razli\u010dite povr\u0161ine. Na na\u0161em sajtu, \u0107e te dobiti mozaik za samo 13512,5 RSD, dok je u maloprodaji 16891,2 RSD. Mozaik je debljine 4 mm, \u0161to ga \u010dini izuzetno tvrdim. Mosavit mosaic Benares dolazi iz \u0160panije, koja je poznata po vrlo visokoj kvaliteta keramike u svetu. [&hellip;]<\/p>\n","protected":false},"featured_media":94594,"template":"","meta":[],"product_cat":[999405,400,999,410],"product_tag":[99950093],"_links":{"self":[{"href":"https:\/\/www.keramika.com\/srbija\/wp-json\/wp\/v2\/product\/94593"}],"collection":[{"href":"https:\/\/www.keramika.com\/srbija\/wp-json\/wp\/v2\/product"}],"about":[{"href":"https:\/\/www.keramika.com\/srbija\/wp-json\/wp\/v2\/types\/product"}],"wp:featuredmedia":[{"embeddable":true,"href":"https:\/\/www.keramika.com\/srbija\/wp-json\/wp\/v2\/media\/94594"}],"wp:attachment":[{"href":"https:\/\/www.keramika.com\/srbija\/wp-json\/wp\/v2\/media?parent=94593"}],"wp:term":[{"taxonomy":"product_cat","embeddable":true,"href":"https:\/\/www.keramika.com\/srbija\/wp-json\/wp\/v2\/product_cat?post=94593"},{"taxonomy":"product_tag","embeddable":true,"href":"https:\/\/www.keramika.com\/srbija\/wp-json\/wp\/v2\/product_tag?post=94593"}],"curies":[{"name":"wp","href":"https:\/\/api.w.org\/{rel}","templated":true}]}}