{"id":94585,"date":"2017-07-02T07:51:46","date_gmt":"2017-07-02T07:51:46","guid":{"rendered":"http:\/\/www.ceramictiles.com\/srbija\/product\/mosavit-mozaik-plocice-australian-wave\/"},"modified":"2026-01-03T00:03:15","modified_gmt":"2026-01-03T00:03:15","slug":"mosavit-mozaik-plocice-australian-wave","status":"publish","type":"product","link":"https:\/\/www.keramika.com\/srbija\/mosavit-mozaik-plocice-australian-wave\/","title":{"rendered":"Mosavit mozaik plo\u010dice Australian Wave"},"content":{"rendered":"<p>Mosavit mosaic Australian Wave dolazi iz \u0160panije, koja je poznata po vrlo visokoj kvaliteta keramike u svetu. Namjesto 96851,85 RSD \u0161to je cena u maloprodaji, Vi pla\u0107ate samo 77481,25 RSD. 4 mm debljina \u0107e zadovoljiti i najzahtevnije kupce. Plo\u010dice bele boje osvje\u017eit \u0107e svaki prostor. Veli\u010dina mre\u017ee sa mozaikom je 31,6&#215;31,6 cm, \u0161to omogu\u0107ava jednostavnu ugradnju.<\/p>\n<p>Technical description: Min. 1 box \u2013 Delivery 30 Euro\/box in EU<\/p>\n","protected":false},"excerpt":{"rendered":"<p>Mosavit mosaic Australian Wave dolazi iz \u0160panije, koja je poznata po vrlo visokoj kvaliteta keramike u svetu. Namjesto 96851,85 RSD \u0161to je cena u maloprodaji, Vi pla\u0107ate samo 77481,25 RSD. 4 mm debljina \u0107e zadovoljiti i najzahtevnije kupce. Plo\u010dice bele boje osvje\u017eit \u0107e svaki prostor. Veli\u010dina mre\u017ee sa mozaikom je 31,6&#215;31,6 cm, \u0161to omogu\u0107ava jednostavnu [&hellip;]<\/p>\n","protected":false},"featured_media":94586,"template":"","meta":[],"product_cat":[999405,400,999,410],"product_tag":[],"_links":{"self":[{"href":"https:\/\/www.keramika.com\/srbija\/wp-json\/wp\/v2\/product\/94585"}],"collection":[{"href":"https:\/\/www.keramika.com\/srbija\/wp-json\/wp\/v2\/product"}],"about":[{"href":"https:\/\/www.keramika.com\/srbija\/wp-json\/wp\/v2\/types\/product"}],"wp:featuredmedia":[{"embeddable":true,"href":"https:\/\/www.keramika.com\/srbija\/wp-json\/wp\/v2\/media\/94586"}],"wp:attachment":[{"href":"https:\/\/www.keramika.com\/srbija\/wp-json\/wp\/v2\/media?parent=94585"}],"wp:term":[{"taxonomy":"product_cat","embeddable":true,"href":"https:\/\/www.keramika.com\/srbija\/wp-json\/wp\/v2\/product_cat?post=94585"},{"taxonomy":"product_tag","embeddable":true,"href":"https:\/\/www.keramika.com\/srbija\/wp-json\/wp\/v2\/product_tag?post=94585"}],"curies":[{"name":"wp","href":"https:\/\/api.w.org\/{rel}","templated":true}]}}