{"id":94581,"date":"2017-07-02T07:51:05","date_gmt":"2017-07-02T07:51:05","guid":{"rendered":"http:\/\/www.ceramictiles.com\/srbija\/product\/mosavit-mozaik-plocice-asi-inox\/"},"modified":"2026-01-03T00:03:15","modified_gmt":"2026-01-03T00:03:15","slug":"mosavit-mozaik-plocice-asi-inox","status":"publish","type":"product","link":"https:\/\/www.keramika.com\/srbija\/mosavit-mozaik-plocice-asi-inox\/","title":{"rendered":"Mosavit mozaik plo\u010dice Asi Inox"},"content":{"rendered":"<p>4 mm debljine je dovoljno za zahtevnije kupce. Veoma moderan mozaik, dominantne sive boje, oboga\u0107uje savki prostor. Veli\u010dina mre\u017ee 30&#215;30 cm nakoju je pritvr\u0111en, omogu\u0107ava pritvr\u0111ivanje na razli\u010dite povr\u0161ine. Na na\u0161em sajtu, \u0107e te dobiti mozaik za samo 2846,25 RSD, dok je u maloprodaji 3558,1 RSD. Mozaik je iz \u0160panije , koja je poznata u svetu kao jedan od najboljih proizvo\u0111a\u010da mozaik plo\u010dica.<\/p>\n<p>Technical description: Min. 1 box \u2013 Delivery 30 Euro\/box in EU<\/p>\n","protected":false},"excerpt":{"rendered":"<p>4 mm debljine je dovoljno za zahtevnije kupce. Veoma moderan mozaik, dominantne sive boje, oboga\u0107uje savki prostor. Veli\u010dina mre\u017ee 30&#215;30 cm nakoju je pritvr\u0111en, omogu\u0107ava pritvr\u0111ivanje na razli\u010dite povr\u0161ine. Na na\u0161em sajtu, \u0107e te dobiti mozaik za samo 2846,25 RSD, dok je u maloprodaji 3558,1 RSD. Mozaik je iz \u0160panije , koja je poznata u [&hellip;]<\/p>\n","protected":false},"featured_media":94582,"template":"","meta":[],"product_cat":[420,999405,400,999],"product_tag":[],"_links":{"self":[{"href":"https:\/\/www.keramika.com\/srbija\/wp-json\/wp\/v2\/product\/94581"}],"collection":[{"href":"https:\/\/www.keramika.com\/srbija\/wp-json\/wp\/v2\/product"}],"about":[{"href":"https:\/\/www.keramika.com\/srbija\/wp-json\/wp\/v2\/types\/product"}],"wp:featuredmedia":[{"embeddable":true,"href":"https:\/\/www.keramika.com\/srbija\/wp-json\/wp\/v2\/media\/94582"}],"wp:attachment":[{"href":"https:\/\/www.keramika.com\/srbija\/wp-json\/wp\/v2\/media?parent=94581"}],"wp:term":[{"taxonomy":"product_cat","embeddable":true,"href":"https:\/\/www.keramika.com\/srbija\/wp-json\/wp\/v2\/product_cat?post=94581"},{"taxonomy":"product_tag","embeddable":true,"href":"https:\/\/www.keramika.com\/srbija\/wp-json\/wp\/v2\/product_tag?post=94581"}],"curies":[{"name":"wp","href":"https:\/\/api.w.org\/{rel}","templated":true}]}}