{"id":94579,"date":"2017-07-02T07:50:43","date_gmt":"2017-07-02T07:50:43","guid":{"rendered":"http:\/\/www.ceramictiles.com\/srbija\/product\/mosavit-mozaik-plocice-asi-imperial\/"},"modified":"2026-01-03T00:03:15","modified_gmt":"2026-01-03T00:03:15","slug":"mosavit-mozaik-plocice-asi-imperial","status":"publish","type":"product","link":"https:\/\/www.keramika.com\/srbija\/mosavit-mozaik-plocice-asi-imperial\/","title":{"rendered":"Mosavit mozaik plo\u010dice Asi Imperial"},"content":{"rendered":"<p>Veli\u010dina 30&#215;30 cm mre\u017ee, na koju su pritvr\u0111ene mozaik plo\u010dice, je odli\u010dna za pokrivanje povr\u0161ine. Mosavit mosaic Asi Imperial je proizvod iz \u0160panije te je izuzetno kvalitetna. Mozaik plo\u010dice be\u017e boje, su izuzetno tra\u017eene. Debljina plo\u010dice je vrlo va\u017ena, 4 mm &#8211; mozaik spada me\u0111u najkvalitetnije. Mosavit mosaic Asi Imperial je dostupna po vrlo povoljnim cenama 3133,75 RSD.<\/p>\n<p>Technical description: Min. 1 box \u2013 Delivery 30 Euro\/box in EU<\/p>\n","protected":false},"excerpt":{"rendered":"<p>Veli\u010dina 30&#215;30 cm mre\u017ee, na koju su pritvr\u0111ene mozaik plo\u010dice, je odli\u010dna za pokrivanje povr\u0161ine. Mosavit mosaic Asi Imperial je proizvod iz \u0160panije te je izuzetno kvalitetna. Mozaik plo\u010dice be\u017e boje, su izuzetno tra\u017eene. Debljina plo\u010dice je vrlo va\u017ena, 4 mm &#8211; mozaik spada me\u0111u najkvalitetnije. Mosavit mosaic Asi Imperial je dostupna po vrlo povoljnim [&hellip;]<\/p>\n","protected":false},"featured_media":94580,"template":"","meta":[],"product_cat":[420,999405,400,999],"product_tag":[],"_links":{"self":[{"href":"https:\/\/www.keramika.com\/srbija\/wp-json\/wp\/v2\/product\/94579"}],"collection":[{"href":"https:\/\/www.keramika.com\/srbija\/wp-json\/wp\/v2\/product"}],"about":[{"href":"https:\/\/www.keramika.com\/srbija\/wp-json\/wp\/v2\/types\/product"}],"wp:featuredmedia":[{"embeddable":true,"href":"https:\/\/www.keramika.com\/srbija\/wp-json\/wp\/v2\/media\/94580"}],"wp:attachment":[{"href":"https:\/\/www.keramika.com\/srbija\/wp-json\/wp\/v2\/media?parent=94579"}],"wp:term":[{"taxonomy":"product_cat","embeddable":true,"href":"https:\/\/www.keramika.com\/srbija\/wp-json\/wp\/v2\/product_cat?post=94579"},{"taxonomy":"product_tag","embeddable":true,"href":"https:\/\/www.keramika.com\/srbija\/wp-json\/wp\/v2\/product_tag?post=94579"}],"curies":[{"name":"wp","href":"https:\/\/api.w.org\/{rel}","templated":true}]}}