{"id":94569,"date":"2017-07-02T07:49:09","date_gmt":"2017-07-02T07:49:09","guid":{"rendered":"http:\/\/www.ceramictiles.com\/srbija\/product\/mosavit-mozaik-plocice-african-leather\/"},"modified":"2026-01-03T00:03:13","modified_gmt":"2026-01-03T00:03:13","slug":"mosavit-mozaik-plocice-african-leather","status":"publish","type":"product","link":"https:\/\/www.keramika.com\/srbija\/mosavit-mozaik-plocice-african-leather\/","title":{"rendered":"Mosavit mozaik plo\u010dice African Leather"},"content":{"rendered":"<p>Veli\u010dina mre\u017ee sa mozaikom je 31,6&#215;31,6 cm, \u0161to omogu\u0107ava jednostavnu ugradnju. 4 mm debljina \u0107e zadovoljiti i najzahtevnije kupce. Na na\u0161em sajtu, \u0107e te dobiti mozaik za samo 74318,75 RSD, dok je u maloprodaji 92898,15 RSD. plo\u010dica proizvo\u0111a\u010da Mosavit iz \u0160panije. Mozaik plo\u010dice bele boje, su izuzetno tra\u017eene.<\/p>\n<p>Technical description: Min. 1 box \u2013 Delivery 30 Euro\/box in EU<\/p>\n","protected":false},"excerpt":{"rendered":"<p>Veli\u010dina mre\u017ee sa mozaikom je 31,6&#215;31,6 cm, \u0161to omogu\u0107ava jednostavnu ugradnju. 4 mm debljina \u0107e zadovoljiti i najzahtevnije kupce. Na na\u0161em sajtu, \u0107e te dobiti mozaik za samo 74318,75 RSD, dok je u maloprodaji 92898,15 RSD. plo\u010dica proizvo\u0111a\u010da Mosavit iz \u0160panije. Mozaik plo\u010dice bele boje, su izuzetno tra\u017eene. Technical description: Min. 1 box \u2013 Delivery [&hellip;]<\/p>\n","protected":false},"featured_media":94570,"template":"","meta":[],"product_cat":[999405,400,999,410],"product_tag":[],"_links":{"self":[{"href":"https:\/\/www.keramika.com\/srbija\/wp-json\/wp\/v2\/product\/94569"}],"collection":[{"href":"https:\/\/www.keramika.com\/srbija\/wp-json\/wp\/v2\/product"}],"about":[{"href":"https:\/\/www.keramika.com\/srbija\/wp-json\/wp\/v2\/types\/product"}],"wp:featuredmedia":[{"embeddable":true,"href":"https:\/\/www.keramika.com\/srbija\/wp-json\/wp\/v2\/media\/94570"}],"wp:attachment":[{"href":"https:\/\/www.keramika.com\/srbija\/wp-json\/wp\/v2\/media?parent=94569"}],"wp:term":[{"taxonomy":"product_cat","embeddable":true,"href":"https:\/\/www.keramika.com\/srbija\/wp-json\/wp\/v2\/product_cat?post=94569"},{"taxonomy":"product_tag","embeddable":true,"href":"https:\/\/www.keramika.com\/srbija\/wp-json\/wp\/v2\/product_tag?post=94569"}],"curies":[{"name":"wp","href":"https:\/\/api.w.org\/{rel}","templated":true}]}}