{"id":94549,"date":"2017-07-02T07:45:30","date_gmt":"2017-07-02T07:45:30","guid":{"rendered":"http:\/\/www.ceramictiles.com\/srbija\/product\/alttoglass-mozaik-volcano-mayon\/"},"modified":"2026-01-03T00:03:11","modified_gmt":"2026-01-03T00:03:11","slug":"alttoglass-mozaik-volcano-mayon","status":"publish","type":"product","link":"https:\/\/www.keramika.com\/srbija\/alttoglass-mozaik-volcano-mayon\/","title":{"rendered":"Alttoglass mozaik Volcano Mayon"},"content":{"rendered":"<p>Veli\u010dina 30&#215;30 cm mre\u017ee, na koju su pritvr\u0111ene mozaik plo\u010dice, je odli\u010dna za pokrivanje povr\u0161ine. Naj vi\u0161e se prodaju crvene mozik plo\u010dice. 22137,5 RSD je redovna prodajna cena keramike, tu pa samo 17710 RSD. 8 mm debljina \u0107e zadovoljiti i najzahtevnije kupce. Alttoglass Mosaic Volcano Mayon je proizvod iz \u0160panije te je izuzetno kvalitetna.<\/p>\n<p>Kliknite na ime serije za sve plo\u010dice u toj seriji: <a class=\"pdfcatal\" href=\"\/\/www.ceramictiles.com\/pdf\/altoglass\/catalogue_altoglass_volcano.pdf\" onclick=\"recordOutboundLink(this, 'E-mail', 'Description PDF');return false;\">Alttoglass Volcano<\/a><\/p>\n<p>Da bi naru\u010dili model iz PDF kataloga ove serije, molimo vas, da nas kontaktirate na: <a href=\"mailto:zo_mi@ceramictiles.com\" onclick=\"recordOutboundLink(this, 'E-mail', 'Description mail');return false;\">zo_mi@ceramictiles.com<\/a> ili nas pozovite na: For exact offer, PLS send us quantity and product you need with delivery address..<\/p>\n<p>Technical description: <br \/>Min. 1 box \u2013 Delivery 30 Euro\/box in EU<br \/>14 kg -1 m2\/box<\/p>\n","protected":false},"excerpt":{"rendered":"<p>Veli\u010dina 30&#215;30 cm mre\u017ee, na koju su pritvr\u0111ene mozaik plo\u010dice, je odli\u010dna za pokrivanje povr\u0161ine. Naj vi\u0161e se prodaju crvene mozik plo\u010dice. 22137,5 RSD je redovna prodajna cena keramike, tu pa samo 17710 RSD. 8 mm debljina \u0107e zadovoljiti i najzahtevnije kupce. Alttoglass Mosaic Volcano Mayon je proizvod iz \u0160panije te je izuzetno kvalitetna. Kliknite [&hellip;]<\/p>\n","protected":false},"featured_media":94550,"template":"","meta":[],"product_cat":[999759,400,999,410],"product_tag":[],"_links":{"self":[{"href":"https:\/\/www.keramika.com\/srbija\/wp-json\/wp\/v2\/product\/94549"}],"collection":[{"href":"https:\/\/www.keramika.com\/srbija\/wp-json\/wp\/v2\/product"}],"about":[{"href":"https:\/\/www.keramika.com\/srbija\/wp-json\/wp\/v2\/types\/product"}],"wp:featuredmedia":[{"embeddable":true,"href":"https:\/\/www.keramika.com\/srbija\/wp-json\/wp\/v2\/media\/94550"}],"wp:attachment":[{"href":"https:\/\/www.keramika.com\/srbija\/wp-json\/wp\/v2\/media?parent=94549"}],"wp:term":[{"taxonomy":"product_cat","embeddable":true,"href":"https:\/\/www.keramika.com\/srbija\/wp-json\/wp\/v2\/product_cat?post=94549"},{"taxonomy":"product_tag","embeddable":true,"href":"https:\/\/www.keramika.com\/srbija\/wp-json\/wp\/v2\/product_tag?post=94549"}],"curies":[{"name":"wp","href":"https:\/\/api.w.org\/{rel}","templated":true}]}}