{"id":94535,"date":"2017-07-02T07:42:51","date_gmt":"2017-07-02T07:42:51","guid":{"rendered":"http:\/\/www.ceramictiles.com\/srbija\/product\/alttoglass-mozaik-titanio-menta\/"},"modified":"2026-01-03T00:03:09","modified_gmt":"2026-01-03T00:03:09","slug":"alttoglass-mozaik-titanio-menta","status":"publish","type":"product","link":"https:\/\/www.keramika.com\/srbija\/alttoglass-mozaik-titanio-menta\/","title":{"rendered":"Alttoglass mozaik Titanio Menta"},"content":{"rendered":"<p>Prilikom izbora mozaika u glavnom sive boji ne\u0107ete pogre\u0161iti Alttoglass Mosaic Titanio Menta dolazi iz \u0160panije, koja je poznata po vrlo visokoj kvaliteta keramike u svetu. 4 mm debljina \u0107e zadovoljiti i najzahtevnije kupce. Alttoglass Mosaic Titanio Menta je dostupna po vrlo povoljnim cenama 9487,5 RSD. Mozaik plo\u010dice su na mre\u017ei, \u0161to olak\u0161ava njegovu instalaciju. Veli\u010dina mre\u017ee je 33,3&#215;33,3 cm.<\/p>\n<p>Kliknite na ime serije za sve plo\u010dice u toj seriji: <a class=\"pdfcatal\" href=\"\/\/www.ceramictiles.com\/pdf\/altoglass\/catalogue_altoglass_titanio.pdf\" onclick=\"recordOutboundLink(this, 'E-mail', 'Description PDF');return false;\">Alttoglass Titanio<\/a><\/p>\n<p>Da bi naru\u010dili model iz PDF kataloga ove serije, molimo vas, da nas kontaktirate na: <a href=\"mailto:zo_mi@ceramictiles.com\" onclick=\"recordOutboundLink(this, 'E-mail', 'Description mail');return false;\">zo_mi@ceramictiles.com<\/a> ili nas pozovite na: For exact offer, PLS send us quantity and product you need with delivery address..<\/p>\n<p>Technical description: <br \/>Min. 1 box \u2013 Delivery 30 Euro\/box in EU<br \/>8.2 kg -1 m2\/box<\/p>\n","protected":false},"excerpt":{"rendered":"<p>Prilikom izbora mozaika u glavnom sive boji ne\u0107ete pogre\u0161iti Alttoglass Mosaic Titanio Menta dolazi iz \u0160panije, koja je poznata po vrlo visokoj kvaliteta keramike u svetu. 4 mm debljina \u0107e zadovoljiti i najzahtevnije kupce. Alttoglass Mosaic Titanio Menta je dostupna po vrlo povoljnim cenama 9487,5 RSD. Mozaik plo\u010dice su na mre\u017ei, \u0161to olak\u0161ava njegovu instalaciju. [&hellip;]<\/p>\n","protected":false},"featured_media":94536,"template":"","meta":[],"product_cat":[999759,400,999,410],"product_tag":[],"_links":{"self":[{"href":"https:\/\/www.keramika.com\/srbija\/wp-json\/wp\/v2\/product\/94535"}],"collection":[{"href":"https:\/\/www.keramika.com\/srbija\/wp-json\/wp\/v2\/product"}],"about":[{"href":"https:\/\/www.keramika.com\/srbija\/wp-json\/wp\/v2\/types\/product"}],"wp:featuredmedia":[{"embeddable":true,"href":"https:\/\/www.keramika.com\/srbija\/wp-json\/wp\/v2\/media\/94536"}],"wp:attachment":[{"href":"https:\/\/www.keramika.com\/srbija\/wp-json\/wp\/v2\/media?parent=94535"}],"wp:term":[{"taxonomy":"product_cat","embeddable":true,"href":"https:\/\/www.keramika.com\/srbija\/wp-json\/wp\/v2\/product_cat?post=94535"},{"taxonomy":"product_tag","embeddable":true,"href":"https:\/\/www.keramika.com\/srbija\/wp-json\/wp\/v2\/product_tag?post=94535"}],"curies":[{"name":"wp","href":"https:\/\/api.w.org\/{rel}","templated":true}]}}