{"id":94515,"date":"2017-07-02T07:39:27","date_gmt":"2017-07-02T07:39:27","guid":{"rendered":"http:\/\/www.ceramictiles.com\/srbija\/product\/alttoglass-mozaik-titanio-blanca-caramelo\/"},"modified":"2026-01-03T00:03:07","modified_gmt":"2026-01-03T00:03:07","slug":"alttoglass-mozaik-titanio-blanca-caramelo","status":"publish","type":"product","link":"https:\/\/www.keramika.com\/srbija\/alttoglass-mozaik-titanio-blanca-caramelo\/","title":{"rendered":"Alttoglass mozaik Titanio Blanca Caramelo"},"content":{"rendered":"<p>4 mm debljine je dovoljno za zahtevnije kupce. Alttoglass Mosaic Titanio Blanca Caramelo je proizvod iz \u0160panije te je izuzetno kvalitetna. Alttoglass Mosaic Titanio Blanca Caramelo je dostupna po vrlo povoljnim cenama 14901,7 RSD. Veoma moderan mozaik, dominantne bele boje, oboga\u0107uje savki prostor. Dimenzije mre\u017ee na koju je pritvr\u0111en mozaik je 33,3&#215;33,3 cm. Mre\u017ea omogu\u0107ava jednostavnu instalaciju.<\/p>\n<p>Kliknite na ime serije za sve plo\u010dice u toj seriji: <a class=\"pdfcatal\" href=\"\/\/www.ceramictiles.com\/pdf\/altoglass\/catalogue_altoglass_titanio.pdf\" onclick=\"recordOutboundLink(this, 'E-mail', 'Description PDF');return false;\">Alttoglass Titanio<\/a><\/p>\n<p>Da bi naru\u010dili model iz PDF kataloga ove serije, molimo vas, da nas kontaktirate na: <a href=\"mailto:zo_mi@ceramictiles.com\" onclick=\"recordOutboundLink(this, 'E-mail', 'Description mail');return false;\">zo_mi@ceramictiles.com<\/a> ili nas pozovite na: For exact offer, PLS send us quantity and product you need with delivery address..<\/p>\n<p>Technical description: <br \/>Min. 1 box \u2013 Delivery 30 Euro\/box in EU<br \/>8.2 kg -1 m2\/box<\/p>\n","protected":false},"excerpt":{"rendered":"<p>4 mm debljine je dovoljno za zahtevnije kupce. Alttoglass Mosaic Titanio Blanca Caramelo je proizvod iz \u0160panije te je izuzetno kvalitetna. Alttoglass Mosaic Titanio Blanca Caramelo je dostupna po vrlo povoljnim cenama 14901,7 RSD. Veoma moderan mozaik, dominantne bele boje, oboga\u0107uje savki prostor. Dimenzije mre\u017ee na koju je pritvr\u0111en mozaik je 33,3&#215;33,3 cm. Mre\u017ea omogu\u0107ava [&hellip;]<\/p>\n","protected":false},"featured_media":94516,"template":"","meta":[],"product_cat":[999759,400,999,410],"product_tag":[],"_links":{"self":[{"href":"https:\/\/www.keramika.com\/srbija\/wp-json\/wp\/v2\/product\/94515"}],"collection":[{"href":"https:\/\/www.keramika.com\/srbija\/wp-json\/wp\/v2\/product"}],"about":[{"href":"https:\/\/www.keramika.com\/srbija\/wp-json\/wp\/v2\/types\/product"}],"wp:featuredmedia":[{"embeddable":true,"href":"https:\/\/www.keramika.com\/srbija\/wp-json\/wp\/v2\/media\/94516"}],"wp:attachment":[{"href":"https:\/\/www.keramika.com\/srbija\/wp-json\/wp\/v2\/media?parent=94515"}],"wp:term":[{"taxonomy":"product_cat","embeddable":true,"href":"https:\/\/www.keramika.com\/srbija\/wp-json\/wp\/v2\/product_cat?post=94515"},{"taxonomy":"product_tag","embeddable":true,"href":"https:\/\/www.keramika.com\/srbija\/wp-json\/wp\/v2\/product_tag?post=94515"}],"curies":[{"name":"wp","href":"https:\/\/api.w.org\/{rel}","templated":true}]}}