{"id":94505,"date":"2017-07-02T07:37:47","date_gmt":"2017-07-02T07:37:47","guid":{"rendered":"http:\/\/www.ceramictiles.com\/srbija\/product\/alttoglass-mozaik-tisue-seda-shine\/"},"modified":"2026-01-03T00:03:05","modified_gmt":"2026-01-03T00:03:05","slug":"alttoglass-mozaik-tisue-seda-shine","status":"publish","type":"product","link":"https:\/\/www.keramika.com\/srbija\/alttoglass-mozaik-tisue-seda-shine\/","title":{"rendered":"Alttoglass mozaik Tisue Seda Shine"},"content":{"rendered":"<p>Mozaik je pritvr\u0111en na mre\u017eu, \u0161to olak\u0161ava njegovu ugradnju. Veli\u010dina mre\u017ee je 30&#215;30 cm , te je pogodan je za razli\u010dite povr\u0161ine. Zaradi ni\u017eih tro\u0161kova kod internetne prodaje, \u0107e te na na\u0161oj strani za taj mozaik platiti 49450 RSD. Ove lepe, mozaik plo\u010dice crne boje, \u0107e obogatiti svaki prostor. Mozaik je iz \u0160panije , koja je poznata u svetu kao jedan od najboljih proizvo\u0111a\u010da mozaik plo\u010dica. 8 mm debljina \u0107e zadovoljiti i najzahtevnije kupce.<\/p>\n<p>Kliknite na ime serije za sve plo\u010dice u toj seriji: <a class=\"pdfcatal\" href=\"\/\/www.ceramictiles.com\/pdf\/altoglass\/catalogue_altoglass_tisue.pdf\" onclick=\"recordOutboundLink(this, 'E-mail', 'Description PDF');return false;\">Alttoglass Tisue<\/a><\/p>\n<p>Da bi naru\u010dili model iz PDF kataloga ove serije, molimo vas, da nas kontaktirate na: <a href=\"mailto:zo_mi@ceramictiles.com\" onclick=\"recordOutboundLink(this, 'E-mail', 'Description mail');return false;\">zo_mi@ceramictiles.com<\/a> ili nas pozovite na: For exact offer, PLS send us quantity and product you need with delivery address..<\/p>\n<p>Technical description: <br \/>Min. 1 box \u2013 Delivery 30 Euro\/box in EU<br \/>8.2 kg -1 m2\/box<\/p>\n","protected":false},"excerpt":{"rendered":"<p>Mozaik je pritvr\u0111en na mre\u017eu, \u0161to olak\u0161ava njegovu ugradnju. Veli\u010dina mre\u017ee je 30&#215;30 cm , te je pogodan je za razli\u010dite povr\u0161ine. Zaradi ni\u017eih tro\u0161kova kod internetne prodaje, \u0107e te na na\u0161oj strani za taj mozaik platiti 49450 RSD. Ove lepe, mozaik plo\u010dice crne boje, \u0107e obogatiti svaki prostor. Mozaik je iz \u0160panije , koja [&hellip;]<\/p>\n","protected":false},"featured_media":94506,"template":"","meta":[],"product_cat":[999759,420,400,999,410],"product_tag":[],"_links":{"self":[{"href":"https:\/\/www.keramika.com\/srbija\/wp-json\/wp\/v2\/product\/94505"}],"collection":[{"href":"https:\/\/www.keramika.com\/srbija\/wp-json\/wp\/v2\/product"}],"about":[{"href":"https:\/\/www.keramika.com\/srbija\/wp-json\/wp\/v2\/types\/product"}],"wp:featuredmedia":[{"embeddable":true,"href":"https:\/\/www.keramika.com\/srbija\/wp-json\/wp\/v2\/media\/94506"}],"wp:attachment":[{"href":"https:\/\/www.keramika.com\/srbija\/wp-json\/wp\/v2\/media?parent=94505"}],"wp:term":[{"taxonomy":"product_cat","embeddable":true,"href":"https:\/\/www.keramika.com\/srbija\/wp-json\/wp\/v2\/product_cat?post=94505"},{"taxonomy":"product_tag","embeddable":true,"href":"https:\/\/www.keramika.com\/srbija\/wp-json\/wp\/v2\/product_tag?post=94505"}],"curies":[{"name":"wp","href":"https:\/\/api.w.org\/{rel}","templated":true}]}}