{"id":94501,"date":"2017-07-02T07:37:06","date_gmt":"2017-07-02T07:37:06","guid":{"rendered":"http:\/\/www.ceramictiles.com\/srbija\/product\/alttoglass-mozaik-tisue-saten-shine\/"},"modified":"2026-01-03T00:03:05","modified_gmt":"2026-01-03T00:03:05","slug":"alttoglass-mozaik-tisue-saten-shine","status":"publish","type":"product","link":"https:\/\/www.keramika.com\/srbija\/alttoglass-mozaik-tisue-saten-shine\/","title":{"rendered":"Alttoglass mozaik Tisue Saten Shine"},"content":{"rendered":"<p>Debljina od 8 mm ovog mozaika ga \u010dini vrlo izdr\u017eljivim i prijatnim na dodir. Dimenzije mre\u017ee na koju je pritvr\u0111en mozaik je 30&#215;30 cm. Mre\u017ea omogu\u0107ava jednostavnu instalaciju. Namjesto 56062,5 RSD \u0161to je cena u maloprodaji, Vi pla\u0107ate samo 44850 RSD. Alttoglass Mosaic Tisue Saten Shine dolazi iz \u0160panije, koja je poznata po vrlo visokoj kvaliteta keramike u svetu. Plo\u010dice bele boje osvje\u017eit \u0107e svaki prostor.<\/p>\n<p>Kliknite na ime serije za sve plo\u010dice u toj seriji: <a class=\"pdfcatal\" href=\"\/\/www.ceramictiles.com\/pdf\/altoglass\/catalogue_altoglass_tisue.pdf\" onclick=\"recordOutboundLink(this, 'E-mail', 'Description PDF');return false;\">Alttoglass Tisue<\/a><\/p>\n<p>Da bi naru\u010dili model iz PDF kataloga ove serije, molimo vas, da nas kontaktirate na: <a href=\"mailto:zo_mi@ceramictiles.com\" onclick=\"recordOutboundLink(this, 'E-mail', 'Description mail');return false;\">zo_mi@ceramictiles.com<\/a> ili nas pozovite na: For exact offer, PLS send us quantity and product you need with delivery address..<\/p>\n<p>Technical description: <br \/>Min. 1 box \u2013 Delivery 30 Euro\/box in EU<br \/>8.2 kg -1 m2\/box<\/p>\n","protected":false},"excerpt":{"rendered":"<p>Debljina od 8 mm ovog mozaika ga \u010dini vrlo izdr\u017eljivim i prijatnim na dodir. Dimenzije mre\u017ee na koju je pritvr\u0111en mozaik je 30&#215;30 cm. Mre\u017ea omogu\u0107ava jednostavnu instalaciju. Namjesto 56062,5 RSD \u0161to je cena u maloprodaji, Vi pla\u0107ate samo 44850 RSD. Alttoglass Mosaic Tisue Saten Shine dolazi iz \u0160panije, koja je poznata po vrlo visokoj [&hellip;]<\/p>\n","protected":false},"featured_media":94502,"template":"","meta":[],"product_cat":[999759,420,400,999,410],"product_tag":[],"_links":{"self":[{"href":"https:\/\/www.keramika.com\/srbija\/wp-json\/wp\/v2\/product\/94501"}],"collection":[{"href":"https:\/\/www.keramika.com\/srbija\/wp-json\/wp\/v2\/product"}],"about":[{"href":"https:\/\/www.keramika.com\/srbija\/wp-json\/wp\/v2\/types\/product"}],"wp:featuredmedia":[{"embeddable":true,"href":"https:\/\/www.keramika.com\/srbija\/wp-json\/wp\/v2\/media\/94502"}],"wp:attachment":[{"href":"https:\/\/www.keramika.com\/srbija\/wp-json\/wp\/v2\/media?parent=94501"}],"wp:term":[{"taxonomy":"product_cat","embeddable":true,"href":"https:\/\/www.keramika.com\/srbija\/wp-json\/wp\/v2\/product_cat?post=94501"},{"taxonomy":"product_tag","embeddable":true,"href":"https:\/\/www.keramika.com\/srbija\/wp-json\/wp\/v2\/product_tag?post=94501"}],"curies":[{"name":"wp","href":"https:\/\/api.w.org\/{rel}","templated":true}]}}