{"id":94481,"date":"2017-07-02T07:33:42","date_gmt":"2017-07-02T07:33:42","guid":{"rendered":"http:\/\/www.ceramictiles.com\/srbija\/product\/alttoglass-mozaik-tisue-brocado-shine\/"},"modified":"2026-01-03T00:03:03","modified_gmt":"2026-01-03T00:03:03","slug":"alttoglass-mozaik-tisue-brocado-shine","status":"publish","type":"product","link":"https:\/\/www.keramika.com\/srbija\/alttoglass-mozaik-tisue-brocado-shine\/","title":{"rendered":"Alttoglass mozaik Tisue Brocado Shine"},"content":{"rendered":"<p>8 mm debljina \u0107e zadovoljiti i najzahtevnije kupce. plo\u010dica proizvo\u0111a\u010da Alttoglass iz \u0160panije. Veli\u010dina 30&#215;30 cm mre\u017ee, na koju su pritvr\u0111ene mozaik plo\u010dice, je odli\u010dna za pokrivanje povr\u0161ine. Plo\u010dice crne boje osvje\u017eit \u0107e svaki prostor. 67562,5 RSD je redovna prodajna cena keramike, tu pa samo 54050 RSD.<\/p>\n<p>Kliknite na ime serije za sve plo\u010dice u toj seriji: <a class=\"pdfcatal\" href=\"\/\/www.ceramictiles.com\/pdf\/altoglass\/catalogue_altoglass_tisue.pdf\" onclick=\"recordOutboundLink(this, 'E-mail', 'Description PDF');return false;\">Alttoglass Tisue<\/a><\/p>\n<p>Da bi naru\u010dili model iz PDF kataloga ove serije, molimo vas, da nas kontaktirate na: <a href=\"mailto:zo_mi@ceramictiles.com\" onclick=\"recordOutboundLink(this, 'E-mail', 'Description mail');return false;\">zo_mi@ceramictiles.com<\/a> ili nas pozovite na: For exact offer, PLS send us quantity and product you need with delivery address..<\/p>\n<p>Technical description: <br \/>Min. 1 box \u2013 Delivery 30 Euro\/box in EU<br \/>8.2 kg -1 m2\/box<\/p>\n","protected":false},"excerpt":{"rendered":"<p>8 mm debljina \u0107e zadovoljiti i najzahtevnije kupce. plo\u010dica proizvo\u0111a\u010da Alttoglass iz \u0160panije. Veli\u010dina 30&#215;30 cm mre\u017ee, na koju su pritvr\u0111ene mozaik plo\u010dice, je odli\u010dna za pokrivanje povr\u0161ine. Plo\u010dice crne boje osvje\u017eit \u0107e svaki prostor. 67562,5 RSD je redovna prodajna cena keramike, tu pa samo 54050 RSD. Kliknite na ime serije za sve plo\u010dice u [&hellip;]<\/p>\n","protected":false},"featured_media":94482,"template":"","meta":[],"product_cat":[999759,420,400,999,410],"product_tag":[],"_links":{"self":[{"href":"https:\/\/www.keramika.com\/srbija\/wp-json\/wp\/v2\/product\/94481"}],"collection":[{"href":"https:\/\/www.keramika.com\/srbija\/wp-json\/wp\/v2\/product"}],"about":[{"href":"https:\/\/www.keramika.com\/srbija\/wp-json\/wp\/v2\/types\/product"}],"wp:featuredmedia":[{"embeddable":true,"href":"https:\/\/www.keramika.com\/srbija\/wp-json\/wp\/v2\/media\/94482"}],"wp:attachment":[{"href":"https:\/\/www.keramika.com\/srbija\/wp-json\/wp\/v2\/media?parent=94481"}],"wp:term":[{"taxonomy":"product_cat","embeddable":true,"href":"https:\/\/www.keramika.com\/srbija\/wp-json\/wp\/v2\/product_cat?post=94481"},{"taxonomy":"product_tag","embeddable":true,"href":"https:\/\/www.keramika.com\/srbija\/wp-json\/wp\/v2\/product_tag?post=94481"}],"curies":[{"name":"wp","href":"https:\/\/api.w.org\/{rel}","templated":true}]}}