{"id":94465,"date":"2017-07-02T07:30:44","date_gmt":"2017-07-02T07:30:44","guid":{"rendered":"http:\/\/www.ceramictiles.com\/srbija\/product\/alttoglass-mozaik-stamp-iridiscent\/"},"modified":"2026-01-03T00:03:01","modified_gmt":"2026-01-03T00:03:01","slug":"alttoglass-mozaik-stamp-iridiscent","status":"publish","type":"product","link":"https:\/\/www.keramika.com\/srbija\/alttoglass-mozaik-stamp-iridiscent\/","title":{"rendered":"Alttoglass mozaik Stamp Iridiscent"},"content":{"rendered":"<p>Veli\u010dina mre\u017ee 33,3&#215;33,3 cm nakoju je pritvr\u0111en, omogu\u0107ava pritvr\u0111ivanje na razli\u010dite povr\u0161ine. Veoma moderan mozaik, dominantne crne boje, oboga\u0107uje savki prostor. Alttoglass Mosaic Stamp Iridiscent dolazi iz \u0160panije, koja je poznata po vrlo visokoj kvaliteta keramike u svetu. Na na\u0161em sajtu, \u0107e te dobiti mozaik za samo 22540 RSD, dok je u maloprodaji 28175 RSD. 4 mm debljina \u0107e zadovoljiti i najzahtevnije kupce.<\/p>\n<p>Kliknite na ime serije za sve plo\u010dice u toj seriji: <a class=\"pdfcatal\" href=\"\/\/www.ceramictiles.com\/pdf\/altoglass\/catalogue_altoglass_stamp.pdf\" onclick=\"recordOutboundLink(this, 'E-mail', 'Description PDF');return false;\">Alttoglass Stamp<\/a><\/p>\n<p>Da bi naru\u010dili model iz PDF kataloga ove serije, molimo vas, da nas kontaktirate na: <a href=\"mailto:zo_mi@ceramictiles.com\" onclick=\"recordOutboundLink(this, 'E-mail', 'Description mail');return false;\">zo_mi@ceramictiles.com<\/a> ili nas pozovite na: For exact offer, PLS send us quantity and product you need with delivery address..<\/p>\n<p>Technical description: <br \/>Min. 1 box \u2013 Delivery 30 Euro\/box in EU<br \/>8.2 kg -1 m2\/box<\/p>\n","protected":false},"excerpt":{"rendered":"<p>Veli\u010dina mre\u017ee 33,3&#215;33,3 cm nakoju je pritvr\u0111en, omogu\u0107ava pritvr\u0111ivanje na razli\u010dite povr\u0161ine. Veoma moderan mozaik, dominantne crne boje, oboga\u0107uje savki prostor. Alttoglass Mosaic Stamp Iridiscent dolazi iz \u0160panije, koja je poznata po vrlo visokoj kvaliteta keramike u svetu. Na na\u0161em sajtu, \u0107e te dobiti mozaik za samo 22540 RSD, dok je u maloprodaji 28175 RSD. [&hellip;]<\/p>\n","protected":false},"featured_media":94466,"template":"","meta":[],"product_cat":[999759,400,999,410],"product_tag":[],"_links":{"self":[{"href":"https:\/\/www.keramika.com\/srbija\/wp-json\/wp\/v2\/product\/94465"}],"collection":[{"href":"https:\/\/www.keramika.com\/srbija\/wp-json\/wp\/v2\/product"}],"about":[{"href":"https:\/\/www.keramika.com\/srbija\/wp-json\/wp\/v2\/types\/product"}],"wp:featuredmedia":[{"embeddable":true,"href":"https:\/\/www.keramika.com\/srbija\/wp-json\/wp\/v2\/media\/94466"}],"wp:attachment":[{"href":"https:\/\/www.keramika.com\/srbija\/wp-json\/wp\/v2\/media?parent=94465"}],"wp:term":[{"taxonomy":"product_cat","embeddable":true,"href":"https:\/\/www.keramika.com\/srbija\/wp-json\/wp\/v2\/product_cat?post=94465"},{"taxonomy":"product_tag","embeddable":true,"href":"https:\/\/www.keramika.com\/srbija\/wp-json\/wp\/v2\/product_tag?post=94465"}],"curies":[{"name":"wp","href":"https:\/\/api.w.org\/{rel}","templated":true}]}}