{"id":94455,"date":"2017-07-02T07:28:58","date_gmt":"2017-07-02T07:28:58","guid":{"rendered":"http:\/\/www.ceramictiles.com\/srbija\/product\/alttoglass-mozaik-stamp-black\/"},"modified":"2026-01-03T00:03:00","modified_gmt":"2026-01-03T00:03:00","slug":"alttoglass-mozaik-stamp-black","status":"publish","type":"product","link":"https:\/\/www.keramika.com\/srbija\/alttoglass-mozaik-stamp-black\/","title":{"rendered":"Alttoglass mozaik Stamp Black"},"content":{"rendered":"<p>Alttoglass Mosaic Stamp Black dolazi iz \u0160panije, koja je poznata po vrlo visokoj kvaliteta keramike u svetu. Veli\u010dina 33,3&#215;33,3 cm mre\u017ee, na koju su pritvr\u0111ene mozaik plo\u010dice, je odli\u010dna za pokrivanje povr\u0161ine. Alttoglass Mosaic Stamp Black je dostupna po vrlo povoljnim cenama 20700 RSD. Veoma moderan mozaik, dominantne crne boje, oboga\u0107uje savki prostor. 4 mm debljine je dovoljno za zahtevnije kupce.<\/p>\n<p>Kliknite na ime serije za sve plo\u010dice u toj seriji: <a class=\"pdfcatal\" href=\"\/\/www.ceramictiles.com\/pdf\/altoglass\/catalogue_altoglass_stamp.pdf\" onclick=\"recordOutboundLink(this, 'E-mail', 'Description PDF');return false;\">Alttoglass Stamp<\/a><\/p>\n<p>Da bi naru\u010dili model iz PDF kataloga ove serije, molimo vas, da nas kontaktirate na: <a href=\"mailto:zo_mi@ceramictiles.com\" onclick=\"recordOutboundLink(this, 'E-mail', 'Description mail');return false;\">zo_mi@ceramictiles.com<\/a> ili nas pozovite na: For exact offer, PLS send us quantity and product you need with delivery address..<\/p>\n<p>Technical description: <br \/>Min. 1 box \u2013 Delivery 30 Euro\/box in EU<br \/>8.2 kg -1 m2\/box<\/p>\n","protected":false},"excerpt":{"rendered":"<p>Alttoglass Mosaic Stamp Black dolazi iz \u0160panije, koja je poznata po vrlo visokoj kvaliteta keramike u svetu. Veli\u010dina 33,3&#215;33,3 cm mre\u017ee, na koju su pritvr\u0111ene mozaik plo\u010dice, je odli\u010dna za pokrivanje povr\u0161ine. Alttoglass Mosaic Stamp Black je dostupna po vrlo povoljnim cenama 20700 RSD. Veoma moderan mozaik, dominantne crne boje, oboga\u0107uje savki prostor. 4 mm [&hellip;]<\/p>\n","protected":false},"featured_media":94456,"template":"","meta":[],"product_cat":[999759,400,999,410],"product_tag":[],"_links":{"self":[{"href":"https:\/\/www.keramika.com\/srbija\/wp-json\/wp\/v2\/product\/94455"}],"collection":[{"href":"https:\/\/www.keramika.com\/srbija\/wp-json\/wp\/v2\/product"}],"about":[{"href":"https:\/\/www.keramika.com\/srbija\/wp-json\/wp\/v2\/types\/product"}],"wp:featuredmedia":[{"embeddable":true,"href":"https:\/\/www.keramika.com\/srbija\/wp-json\/wp\/v2\/media\/94456"}],"wp:attachment":[{"href":"https:\/\/www.keramika.com\/srbija\/wp-json\/wp\/v2\/media?parent=94455"}],"wp:term":[{"taxonomy":"product_cat","embeddable":true,"href":"https:\/\/www.keramika.com\/srbija\/wp-json\/wp\/v2\/product_cat?post=94455"},{"taxonomy":"product_tag","embeddable":true,"href":"https:\/\/www.keramika.com\/srbija\/wp-json\/wp\/v2\/product_tag?post=94455"}],"curies":[{"name":"wp","href":"https:\/\/api.w.org\/{rel}","templated":true}]}}