{"id":94441,"date":"2017-07-02T07:26:28","date_gmt":"2017-07-02T07:26:28","guid":{"rendered":"http:\/\/www.ceramictiles.com\/srbija\/product\/alttoglass-mozaik-solid-rojo\/"},"modified":"2026-01-03T00:02:58","modified_gmt":"2026-01-03T00:02:58","slug":"alttoglass-mozaik-solid-rojo","status":"publish","type":"product","link":"https:\/\/www.keramika.com\/srbija\/alttoglass-mozaik-solid-rojo\/","title":{"rendered":"Alttoglass mozaik Solid Rojo"},"content":{"rendered":"<p>Mozaik je debljine 4 mm, \u0161to ga \u010dini izuzetno tvrdim. Mozaik plo\u010dice crvene boje, su izuzetno tra\u017eene. Mozaik je pritvr\u0111en na mre\u017eu, \u0161to olak\u0161ava njegovu ugradnju. Veli\u010dina mre\u017ee je 33,3&#215;33,3 cm , te je pogodan je za razli\u010dite povr\u0161ine. plo\u010dica proizvo\u0111a\u010da Alttoglass iz \u0160panije. U maloprodaji je cena 13476,85 RSD, online cena, pa je samo 10781,25 RSD.<\/p>\n<p>Kliknite na ime serije za sve plo\u010dice u toj seriji: <a class=\"pdfcatal\" href=\"\/\/www.ceramictiles.com\/pdf\/altoglass\/catalogue_altoglass_solid.pdf\" onclick=\"recordOutboundLink(this, 'E-mail', 'Description PDF');return false;\">Alttoglass Solid<\/a><\/p>\n<p>Da bi naru\u010dili model iz PDF kataloga ove serije, molimo vas, da nas kontaktirate na: <a href=\"mailto:zo_mi@ceramictiles.com\" onclick=\"recordOutboundLink(this, 'E-mail', 'Description mail');return false;\">zo_mi@ceramictiles.com<\/a> ili nas pozovite na: For exact offer, PLS send us quantity and product you need with delivery address..<\/p>\n<p>Technical description: <br \/>Min. 1 box \u2013 Delivery 30 Euro\/box in EU<br \/>16.40 kg &#8211; 2 m2\/box<\/p>\n","protected":false},"excerpt":{"rendered":"<p>Mozaik je debljine 4 mm, \u0161to ga \u010dini izuzetno tvrdim. Mozaik plo\u010dice crvene boje, su izuzetno tra\u017eene. Mozaik je pritvr\u0111en na mre\u017eu, \u0161to olak\u0161ava njegovu ugradnju. Veli\u010dina mre\u017ee je 33,3&#215;33,3 cm , te je pogodan je za razli\u010dite povr\u0161ine. plo\u010dica proizvo\u0111a\u010da Alttoglass iz \u0160panije. U maloprodaji je cena 13476,85 RSD, online cena, pa je samo [&hellip;]<\/p>\n","protected":false},"featured_media":94442,"template":"","meta":[],"product_cat":[999759,400,999,410],"product_tag":[],"_links":{"self":[{"href":"https:\/\/www.keramika.com\/srbija\/wp-json\/wp\/v2\/product\/94441"}],"collection":[{"href":"https:\/\/www.keramika.com\/srbija\/wp-json\/wp\/v2\/product"}],"about":[{"href":"https:\/\/www.keramika.com\/srbija\/wp-json\/wp\/v2\/types\/product"}],"wp:featuredmedia":[{"embeddable":true,"href":"https:\/\/www.keramika.com\/srbija\/wp-json\/wp\/v2\/media\/94442"}],"wp:attachment":[{"href":"https:\/\/www.keramika.com\/srbija\/wp-json\/wp\/v2\/media?parent=94441"}],"wp:term":[{"taxonomy":"product_cat","embeddable":true,"href":"https:\/\/www.keramika.com\/srbija\/wp-json\/wp\/v2\/product_cat?post=94441"},{"taxonomy":"product_tag","embeddable":true,"href":"https:\/\/www.keramika.com\/srbija\/wp-json\/wp\/v2\/product_tag?post=94441"}],"curies":[{"name":"wp","href":"https:\/\/api.w.org\/{rel}","templated":true}]}}