{"id":94413,"date":"2017-07-02T07:21:42","date_gmt":"2017-07-02T07:21:42","guid":{"rendered":"http:\/\/www.ceramictiles.com\/srbija\/product\/alttoglass-mozaik-solid-azul-marino\/"},"modified":"2026-01-03T00:02:56","modified_gmt":"2026-01-03T00:02:56","slug":"alttoglass-mozaik-solid-azul-marino","status":"publish","type":"product","link":"https:\/\/www.keramika.com\/srbija\/alttoglass-mozaik-solid-azul-marino\/","title":{"rendered":"Alttoglass mozaik Solid Azul Marino"},"content":{"rendered":"<p>Alttoglass Mosaic Solid Azul Marino je proizvod iz \u0160panije te je izuzetno kvalitetna. Na na\u0161em sajtu, \u0107e te dobiti mozaik za samo 4456,25 RSD, dok je u maloprodaji 5570,6 RSD. Ovaj mozaik je 4 mm, te je vrlo je izdr\u017eljiv. Mozaik plo\u010dice plave boje, su izuzetno tra\u017eene. Mozaik plo\u010dice su na mre\u017ei, \u0161to olak\u0161ava njegovu instalaciju. Veli\u010dina mre\u017ee je 33,3&#215;33,3 cm.<\/p>\n<p>Kliknite na ime serije za sve plo\u010dice u toj seriji: <a class=\"pdfcatal\" href=\"\/\/www.ceramictiles.com\/pdf\/altoglass\/catalogue_altoglass_solid.pdf\" onclick=\"recordOutboundLink(this, 'E-mail', 'Description PDF');return false;\">Alttoglass Solid<\/a><\/p>\n<p>Da bi naru\u010dili model iz PDF kataloga ove serije, molimo vas, da nas kontaktirate na: <a href=\"mailto:zo_mi@ceramictiles.com\" onclick=\"recordOutboundLink(this, 'E-mail', 'Description mail');return false;\">zo_mi@ceramictiles.com<\/a> ili nas pozovite na: For exact offer, PLS send us quantity and product you need with delivery address..<\/p>\n<p>Technical description: <br \/>Min. 1 box \u2013 Delivery 30 Euro\/box in EU<br \/>16.40 kg &#8211; 2 m2\/box<\/p>\n","protected":false},"excerpt":{"rendered":"<p>Alttoglass Mosaic Solid Azul Marino je proizvod iz \u0160panije te je izuzetno kvalitetna. Na na\u0161em sajtu, \u0107e te dobiti mozaik za samo 4456,25 RSD, dok je u maloprodaji 5570,6 RSD. Ovaj mozaik je 4 mm, te je vrlo je izdr\u017eljiv. Mozaik plo\u010dice plave boje, su izuzetno tra\u017eene. Mozaik plo\u010dice su na mre\u017ei, \u0161to olak\u0161ava njegovu [&hellip;]<\/p>\n","protected":false},"featured_media":94414,"template":"","meta":[],"product_cat":[999759,400,999,410],"product_tag":[],"_links":{"self":[{"href":"https:\/\/www.keramika.com\/srbija\/wp-json\/wp\/v2\/product\/94413"}],"collection":[{"href":"https:\/\/www.keramika.com\/srbija\/wp-json\/wp\/v2\/product"}],"about":[{"href":"https:\/\/www.keramika.com\/srbija\/wp-json\/wp\/v2\/types\/product"}],"wp:featuredmedia":[{"embeddable":true,"href":"https:\/\/www.keramika.com\/srbija\/wp-json\/wp\/v2\/media\/94414"}],"wp:attachment":[{"href":"https:\/\/www.keramika.com\/srbija\/wp-json\/wp\/v2\/media?parent=94413"}],"wp:term":[{"taxonomy":"product_cat","embeddable":true,"href":"https:\/\/www.keramika.com\/srbija\/wp-json\/wp\/v2\/product_cat?post=94413"},{"taxonomy":"product_tag","embeddable":true,"href":"https:\/\/www.keramika.com\/srbija\/wp-json\/wp\/v2\/product_tag?post=94413"}],"curies":[{"name":"wp","href":"https:\/\/api.w.org\/{rel}","templated":true}]}}