{"id":94403,"date":"2017-07-02T07:20:04","date_gmt":"2017-07-02T07:20:04","guid":{"rendered":"http:\/\/www.ceramictiles.com\/srbija\/product\/alttoglass-mozaik-smartbrick\/"},"modified":"2026-01-03T00:02:54","modified_gmt":"2026-01-03T00:02:54","slug":"alttoglass-mozaik-smartbrick","status":"publish","type":"product","link":"https:\/\/www.keramika.com\/srbija\/alttoglass-mozaik-smartbrick\/","title":{"rendered":"Alttoglass mozaik Smartbrick"},"content":{"rendered":"<p>Namjesto 28175 RSD \u0161to je cena u maloprodaji, Vi pla\u0107ate samo 22540 RSD. Alttoglass Mosaic Smartbrick dolazi iz \u0160panije, koja je poznata po vrlo visokoj kvaliteta keramike u svetu. Ovaj mozaik je 4 mm, te je vrlo je izdr\u017eljiv. Mozaik plo\u010dice bele boje, su izuzetno tra\u017eene. Dimenzije mre\u017ee na koju je pritvr\u0111en mozaik je 33,3&#215;33,3 cm. Mre\u017ea omogu\u0107ava jednostavnu instalaciju.<\/p>\n<p>Kliknite na ime serije za sve plo\u010dice u toj seriji: <a class=\"pdfcatal\" href=\"\/\/www.ceramictiles.com\/pdf\/altoglass\/catalogue_altoglass_smartbrick.pdf\" onclick=\"recordOutboundLink(this, 'E-mail', 'Description PDF');return false;\">Alttoglass Smartbrick<\/a><\/p>\n<p>Da bi naru\u010dili model iz PDF kataloga ove serije, molimo vas, da nas kontaktirate na: <a href=\"mailto:zo_mi@ceramictiles.com\" onclick=\"recordOutboundLink(this, 'E-mail', 'Description mail');return false;\">zo_mi@ceramictiles.com<\/a> ili nas pozovite na: For exact offer, PLS send us quantity and product you need with delivery address..<\/p>\n<p>Technical description: <br \/>Min. 1 box \u2013 Delivery 30 Euro\/box in EU<br \/>8,2 kg &#8211; 1 m2\/box<\/p>\n","protected":false},"excerpt":{"rendered":"<p>Namjesto 28175 RSD \u0161to je cena u maloprodaji, Vi pla\u0107ate samo 22540 RSD. Alttoglass Mosaic Smartbrick dolazi iz \u0160panije, koja je poznata po vrlo visokoj kvaliteta keramike u svetu. Ovaj mozaik je 4 mm, te je vrlo je izdr\u017eljiv. Mozaik plo\u010dice bele boje, su izuzetno tra\u017eene. Dimenzije mre\u017ee na koju je pritvr\u0111en mozaik je 33,3&#215;33,3 [&hellip;]<\/p>\n","protected":false},"featured_media":94404,"template":"","meta":[],"product_cat":[999759,400,999,410],"product_tag":[],"_links":{"self":[{"href":"https:\/\/www.keramika.com\/srbija\/wp-json\/wp\/v2\/product\/94403"}],"collection":[{"href":"https:\/\/www.keramika.com\/srbija\/wp-json\/wp\/v2\/product"}],"about":[{"href":"https:\/\/www.keramika.com\/srbija\/wp-json\/wp\/v2\/types\/product"}],"wp:featuredmedia":[{"embeddable":true,"href":"https:\/\/www.keramika.com\/srbija\/wp-json\/wp\/v2\/media\/94404"}],"wp:attachment":[{"href":"https:\/\/www.keramika.com\/srbija\/wp-json\/wp\/v2\/media?parent=94403"}],"wp:term":[{"taxonomy":"product_cat","embeddable":true,"href":"https:\/\/www.keramika.com\/srbija\/wp-json\/wp\/v2\/product_cat?post=94403"},{"taxonomy":"product_tag","embeddable":true,"href":"https:\/\/www.keramika.com\/srbija\/wp-json\/wp\/v2\/product_tag?post=94403"}],"curies":[{"name":"wp","href":"https:\/\/api.w.org\/{rel}","templated":true}]}}