{"id":94399,"date":"2017-07-02T07:19:22","date_gmt":"2017-07-02T07:19:22","guid":{"rendered":"http:\/\/www.ceramictiles.com\/srbija\/product\/alttoglass-mozaik-shell-naranja\/"},"modified":"2026-01-03T00:02:54","modified_gmt":"2026-01-03T00:02:54","slug":"alttoglass-mozaik-shell-naranja","status":"publish","type":"product","link":"https:\/\/www.keramika.com\/srbija\/alttoglass-mozaik-shell-naranja\/","title":{"rendered":"Alttoglass mozaik Shell Naranja"},"content":{"rendered":"<p>Ovaj mozaik je 4 mm, te je vrlo je izdr\u017eljiv. plo\u010dica proizvo\u0111a\u010da Alttoglass iz \u0160panije. Veli\u010dina 33,3&#215;33,3 cm mre\u017ee, na koju su pritvr\u0111ene mozaik plo\u010dice, je odli\u010dna za pokrivanje povr\u0161ine. Alttoglass Mosaic Shell Naranja je dostupna po vrlo povoljnim cenama 20700 RSD. Veoma moderan mozaik, dominantne narand\u017easte boje, oboga\u0107uje savki prostor.<\/p>\n<p>Kliknite na ime serije za sve plo\u010dice u toj seriji: <a class=\"pdfcatal\" href=\"\/\/www.ceramictiles.com\/pdf\/altoglass\/catalogue_altoglass_shell.pdf\" onclick=\"recordOutboundLink(this, 'E-mail', 'Description PDF');return false;\">Alttoglass Shell<\/a><\/p>\n<p>Da bi naru\u010dili model iz PDF kataloga ove serije, molimo vas, da nas kontaktirate na: <a href=\"mailto:zo_mi@ceramictiles.com\" onclick=\"recordOutboundLink(this, 'E-mail', 'Description mail');return false;\">zo_mi@ceramictiles.com<\/a> ili nas pozovite na: For exact offer, PLS send us quantity and product you need with delivery address..<\/p>\n<p>Technical description: <br \/>Min. 1 box \u2013 Delivery 30 Euro\/box in EU<br \/>8,2 kg &#8211; 1 m2\/box<\/p>\n","protected":false},"excerpt":{"rendered":"<p>Ovaj mozaik je 4 mm, te je vrlo je izdr\u017eljiv. plo\u010dica proizvo\u0111a\u010da Alttoglass iz \u0160panije. Veli\u010dina 33,3&#215;33,3 cm mre\u017ee, na koju su pritvr\u0111ene mozaik plo\u010dice, je odli\u010dna za pokrivanje povr\u0161ine. Alttoglass Mosaic Shell Naranja je dostupna po vrlo povoljnim cenama 20700 RSD. Veoma moderan mozaik, dominantne narand\u017easte boje, oboga\u0107uje savki prostor. Kliknite na ime serije [&hellip;]<\/p>\n","protected":false},"featured_media":94400,"template":"","meta":[],"product_cat":[999759,400,999,410],"product_tag":[],"_links":{"self":[{"href":"https:\/\/www.keramika.com\/srbija\/wp-json\/wp\/v2\/product\/94399"}],"collection":[{"href":"https:\/\/www.keramika.com\/srbija\/wp-json\/wp\/v2\/product"}],"about":[{"href":"https:\/\/www.keramika.com\/srbija\/wp-json\/wp\/v2\/types\/product"}],"wp:featuredmedia":[{"embeddable":true,"href":"https:\/\/www.keramika.com\/srbija\/wp-json\/wp\/v2\/media\/94400"}],"wp:attachment":[{"href":"https:\/\/www.keramika.com\/srbija\/wp-json\/wp\/v2\/media?parent=94399"}],"wp:term":[{"taxonomy":"product_cat","embeddable":true,"href":"https:\/\/www.keramika.com\/srbija\/wp-json\/wp\/v2\/product_cat?post=94399"},{"taxonomy":"product_tag","embeddable":true,"href":"https:\/\/www.keramika.com\/srbija\/wp-json\/wp\/v2\/product_tag?post=94399"}],"curies":[{"name":"wp","href":"https:\/\/api.w.org\/{rel}","templated":true}]}}