{"id":94389,"date":"2017-07-02T07:17:44","date_gmt":"2017-07-02T07:17:44","guid":{"rendered":"http:\/\/www.ceramictiles.com\/srbija\/product\/alttoglass-mozaik-precious-quartz\/"},"modified":"2026-01-03T00:02:53","modified_gmt":"2026-01-03T00:02:53","slug":"alttoglass-mozaik-precious-quartz","status":"publish","type":"product","link":"https:\/\/www.keramika.com\/srbija\/alttoglass-mozaik-precious-quartz\/","title":{"rendered":"Alttoglass mozaik Precious Quartz"},"content":{"rendered":"<p>Ovaj mozaik je proizveden od proizvo\u0111a\u010da Alttoglass, iz \u0160panije. \u0160irina i du\u017eina mre\u017ee na koju je pritvr\u0111en mozaik je 30&#215;30 cm. Mre\u017ea se jednostavno mo\u017eete polo\u017eiti na razli\u010dite povr\u0161ine. Debljina od 8 mm ovog mozaika ga \u010dini vrlo izdr\u017eljivim i prijatnim na dodir. Namjesto 25875 RSD \u0161to je cena u maloprodaji, Vi pla\u0107ate samo 20700 RSD. Mozaik plo\u010dice bele boje, su izuzetno tra\u017eene.<\/p>\n<p>Kliknite na ime serije za sve plo\u010dice u toj seriji: <a class=\"pdfcatal\" href=\"\/\/www.ceramictiles.com\/pdf\/altoglass\/catalogue_altoglass_precious.pdf\" onclick=\"recordOutboundLink(this, 'E-mail', 'Description PDF');return false;\">Alttoglass Precious<\/a><\/p>\n<p>Da bi naru\u010dili model iz PDF kataloga ove serije, molimo vas, da nas kontaktirate na: <a href=\"mailto:zo_mi@ceramictiles.com\" onclick=\"recordOutboundLink(this, 'E-mail', 'Description mail');return false;\">zo_mi@ceramictiles.com<\/a> ili nas pozovite na: For exact offer, PLS send us quantity and product you need with delivery address..<\/p>\n<p>Technical description: <br \/>Min. 1 box \u2013 Delivery 30 Euro\/box in EU<br \/>17,1 kg &#8211; 1 m2\/box<\/p>\n","protected":false},"excerpt":{"rendered":"<p>Ovaj mozaik je proizveden od proizvo\u0111a\u010da Alttoglass, iz \u0160panije. \u0160irina i du\u017eina mre\u017ee na koju je pritvr\u0111en mozaik je 30&#215;30 cm. Mre\u017ea se jednostavno mo\u017eete polo\u017eiti na razli\u010dite povr\u0161ine. Debljina od 8 mm ovog mozaika ga \u010dini vrlo izdr\u017eljivim i prijatnim na dodir. Namjesto 25875 RSD \u0161to je cena u maloprodaji, Vi pla\u0107ate samo 20700 [&hellip;]<\/p>\n","protected":false},"featured_media":94390,"template":"","meta":[],"product_cat":[999759,400,999,410,430],"product_tag":[],"_links":{"self":[{"href":"https:\/\/www.keramika.com\/srbija\/wp-json\/wp\/v2\/product\/94389"}],"collection":[{"href":"https:\/\/www.keramika.com\/srbija\/wp-json\/wp\/v2\/product"}],"about":[{"href":"https:\/\/www.keramika.com\/srbija\/wp-json\/wp\/v2\/types\/product"}],"wp:featuredmedia":[{"embeddable":true,"href":"https:\/\/www.keramika.com\/srbija\/wp-json\/wp\/v2\/media\/94390"}],"wp:attachment":[{"href":"https:\/\/www.keramika.com\/srbija\/wp-json\/wp\/v2\/media?parent=94389"}],"wp:term":[{"taxonomy":"product_cat","embeddable":true,"href":"https:\/\/www.keramika.com\/srbija\/wp-json\/wp\/v2\/product_cat?post=94389"},{"taxonomy":"product_tag","embeddable":true,"href":"https:\/\/www.keramika.com\/srbija\/wp-json\/wp\/v2\/product_tag?post=94389"}],"curies":[{"name":"wp","href":"https:\/\/api.w.org\/{rel}","templated":true}]}}