{"id":94333,"date":"2017-07-02T07:08:06","date_gmt":"2017-07-02T07:08:06","guid":{"rendered":"http:\/\/www.ceramictiles.com\/srbija\/product\/alttoglass-mozaik-platino-crayon-nenufar\/"},"modified":"2026-01-03T00:02:45","modified_gmt":"2026-01-03T00:02:45","slug":"alttoglass-mozaik-platino-crayon-nenufar","status":"publish","type":"product","link":"https:\/\/www.keramika.com\/srbija\/alttoglass-mozaik-platino-crayon-nenufar\/","title":{"rendered":"Alttoglass mozaik Platino Crayon Nenufar"},"content":{"rendered":"<p>Mozaik je pritvr\u0111en na mre\u017eu, \u0161to olak\u0161ava njegovu ugradnju. Veli\u010dina mre\u017ee je 33,3&#215;33,3 cm , te je pogodan je za razli\u010dite povr\u0161ine. Plo\u010dice bele boje osvje\u017eit \u0107e svaki prostor. 4 mm debljine je dovoljno za zahtevnije kupce. Ovaj mozaik je proizveden od proizvo\u0111a\u010da Alttoglass, iz \u0160panije. Alttoglass Mosaic Platino Crayon Nenufar je dostupna po vrlo povoljnim cenama 14901,7 RSD.<\/p>\n<p>Kliknite na ime serije za sve plo\u010dice u toj seriji: <a class=\"pdfcatal\" href=\"\/\/www.ceramictiles.com\/pdf\/altoglass\/catalogue_altoglass_platino.pdf\" onclick=\"recordOutboundLink(this, 'E-mail', 'Description PDF');return false;\">Alttoglass Platino<\/a><\/p>\n<p>Da bi naru\u010dili model iz PDF kataloga ove serije, molimo vas, da nas kontaktirate na: <a href=\"mailto:zo_mi@ceramictiles.com\" onclick=\"recordOutboundLink(this, 'E-mail', 'Description mail');return false;\">zo_mi@ceramictiles.com<\/a> ili nas pozovite na: For exact offer, PLS send us quantity and product you need with delivery address..<\/p>\n<p>Technical description: <br \/>Min. 1 box \u2013 Delivery 30 Euro\/box in EU<br \/>9,4 kg &#8211; 1,22 m2\/box<\/p>\n","protected":false},"excerpt":{"rendered":"<p>Mozaik je pritvr\u0111en na mre\u017eu, \u0161to olak\u0161ava njegovu ugradnju. Veli\u010dina mre\u017ee je 33,3&#215;33,3 cm , te je pogodan je za razli\u010dite povr\u0161ine. Plo\u010dice bele boje osvje\u017eit \u0107e svaki prostor. 4 mm debljine je dovoljno za zahtevnije kupce. Ovaj mozaik je proizveden od proizvo\u0111a\u010da Alttoglass, iz \u0160panije. Alttoglass Mosaic Platino Crayon Nenufar je dostupna po vrlo [&hellip;]<\/p>\n","protected":false},"featured_media":94334,"template":"","meta":[],"product_cat":[999759,400,999,410,430],"product_tag":[],"_links":{"self":[{"href":"https:\/\/www.keramika.com\/srbija\/wp-json\/wp\/v2\/product\/94333"}],"collection":[{"href":"https:\/\/www.keramika.com\/srbija\/wp-json\/wp\/v2\/product"}],"about":[{"href":"https:\/\/www.keramika.com\/srbija\/wp-json\/wp\/v2\/types\/product"}],"wp:featuredmedia":[{"embeddable":true,"href":"https:\/\/www.keramika.com\/srbija\/wp-json\/wp\/v2\/media\/94334"}],"wp:attachment":[{"href":"https:\/\/www.keramika.com\/srbija\/wp-json\/wp\/v2\/media?parent=94333"}],"wp:term":[{"taxonomy":"product_cat","embeddable":true,"href":"https:\/\/www.keramika.com\/srbija\/wp-json\/wp\/v2\/product_cat?post=94333"},{"taxonomy":"product_tag","embeddable":true,"href":"https:\/\/www.keramika.com\/srbija\/wp-json\/wp\/v2\/product_tag?post=94333"}],"curies":[{"name":"wp","href":"https:\/\/api.w.org\/{rel}","templated":true}]}}