{"id":94287,"date":"2017-07-02T07:00:29","date_gmt":"2017-07-02T07:00:29","guid":{"rendered":"http:\/\/www.ceramictiles.com\/srbija\/product\/alttoglass-mozaik-miscelanea-tebas\/"},"modified":"2026-01-03T00:02:37","modified_gmt":"2026-01-03T00:02:37","slug":"alttoglass-mozaik-miscelanea-tebas","status":"publish","type":"product","link":"https:\/\/www.keramika.com\/srbija\/alttoglass-mozaik-miscelanea-tebas\/","title":{"rendered":"Alttoglass mozaik Miscelanea Tebas"},"content":{"rendered":"<p>Mozaik plo\u010dice su na mre\u017ei, \u0161to olak\u0161ava njegovu instalaciju. Veli\u010dina mre\u017ee je 30&#215;30 cm. Alttoglass Mosaic Miscelanea Tebas je dostupna po vrlo povoljnim cenama 20240 RSD. Mozaik plo\u010dice crne boje, su izuzetno tra\u017eene. Ovaj mozaik je 8 mm, te je vrlo je izdr\u017eljiv. plo\u010dica proizvo\u0111a\u010da Alttoglass iz \u0160panije.<\/p>\n<p>Kliknite na ime serije za sve plo\u010dice u toj seriji: <a class=\"pdfcatal\" href=\"\/\/www.ceramictiles.com\/pdf\/altoglass\/catalogue_altoglass_miscelanea.pdf\" onclick=\"recordOutboundLink(this, 'E-mail', 'Description PDF');return false;\">Alttoglass Miscelanea<\/a><\/p>\n<p>Da bi naru\u010dili model iz PDF kataloga ove serije, molimo vas, da nas kontaktirate na: <a href=\"mailto:zo_mi@ceramictiles.com\" onclick=\"recordOutboundLink(this, 'E-mail', 'Description mail');return false;\">zo_mi@ceramictiles.com<\/a> ili nas pozovite na: For exact offer, PLS send us quantity and product you need with delivery address..<\/p>\n<p>Technical description: <br \/>Min. 1 box \u2013 Delivery 30 Euro\/box in EU<br \/>15,3 kg &#8211; 1 m2\/box<\/p>\n","protected":false},"excerpt":{"rendered":"<p>Mozaik plo\u010dice su na mre\u017ei, \u0161to olak\u0161ava njegovu instalaciju. Veli\u010dina mre\u017ee je 30&#215;30 cm. Alttoglass Mosaic Miscelanea Tebas je dostupna po vrlo povoljnim cenama 20240 RSD. Mozaik plo\u010dice crne boje, su izuzetno tra\u017eene. Ovaj mozaik je 8 mm, te je vrlo je izdr\u017eljiv. plo\u010dica proizvo\u0111a\u010da Alttoglass iz \u0160panije. Kliknite na ime serije za sve plo\u010dice [&hellip;]<\/p>\n","protected":false},"featured_media":94288,"template":"","meta":[],"product_cat":[999759,420,400,999,410],"product_tag":[],"_links":{"self":[{"href":"https:\/\/www.keramika.com\/srbija\/wp-json\/wp\/v2\/product\/94287"}],"collection":[{"href":"https:\/\/www.keramika.com\/srbija\/wp-json\/wp\/v2\/product"}],"about":[{"href":"https:\/\/www.keramika.com\/srbija\/wp-json\/wp\/v2\/types\/product"}],"wp:featuredmedia":[{"embeddable":true,"href":"https:\/\/www.keramika.com\/srbija\/wp-json\/wp\/v2\/media\/94288"}],"wp:attachment":[{"href":"https:\/\/www.keramika.com\/srbija\/wp-json\/wp\/v2\/media?parent=94287"}],"wp:term":[{"taxonomy":"product_cat","embeddable":true,"href":"https:\/\/www.keramika.com\/srbija\/wp-json\/wp\/v2\/product_cat?post=94287"},{"taxonomy":"product_tag","embeddable":true,"href":"https:\/\/www.keramika.com\/srbija\/wp-json\/wp\/v2\/product_tag?post=94287"}],"curies":[{"name":"wp","href":"https:\/\/api.w.org\/{rel}","templated":true}]}}