{"id":94259,"date":"2017-07-02T06:55:33","date_gmt":"2017-07-02T06:55:33","guid":{"rendered":"http:\/\/www.ceramictiles.com\/srbija\/product\/alttoglass-mozaik-matt-verde-manzana\/"},"modified":"2026-01-03T00:02:33","modified_gmt":"2026-01-03T00:02:33","slug":"alttoglass-mozaik-matt-verde-manzana","status":"publish","type":"product","link":"https:\/\/www.keramika.com\/srbija\/alttoglass-mozaik-matt-verde-manzana\/","title":{"rendered":"Alttoglass mozaik Matt Verde Manzana"},"content":{"rendered":"<p>Mozaik je debljine 4 mm, \u0161to ga \u010dini izuzetno tvrdim. Ovaj mozaik je proizveden od proizvo\u0111a\u010da Alttoglass, iz \u0160panije. Zaradi ni\u017eih tro\u0161kova kod internetne prodaje, \u0107e te na na\u0161oj strani za taj mozaik platiti 10033,75 RSD. Plo\u010dice zelene boje osvje\u017eit \u0107e svaki prostor. \u0160irina i du\u017eina mre\u017ee na koju je pritvr\u0111en mozaik je 33,3&#215;33,3 cm. Mre\u017ea se jednostavno mo\u017eete polo\u017eiti na razli\u010dite povr\u0161ine.<\/p>\n<p>Kliknite na ime serije za sve plo\u010dice u toj seriji: <a class=\"pdfcatal\" href=\"\/\/www.ceramictiles.com\/pdf\/altoglass\/catalogue_altoglass_matt.pdf\" onclick=\"recordOutboundLink(this, 'E-mail', 'Description PDF');return false;\">Alttoglass Matt<\/a><\/p>\n<p>Da bi naru\u010dili model iz PDF kataloga ove serije, molimo vas, da nas kontaktirate na: <a href=\"mailto:zo_mi@ceramictiles.com\" onclick=\"recordOutboundLink(this, 'E-mail', 'Description mail');return false;\">zo_mi@ceramictiles.com<\/a> ili nas pozovite na: For exact offer, PLS send us quantity and product you need with delivery address..<\/p>\n<p>Technical description: <br \/>Min. 1 box \u2013 Delivery 30 Euro\/box in EU<br \/>9,4 kg &#8211; 1,22 m2\/box<\/p>\n","protected":false},"excerpt":{"rendered":"<p>Mozaik je debljine 4 mm, \u0161to ga \u010dini izuzetno tvrdim. Ovaj mozaik je proizveden od proizvo\u0111a\u010da Alttoglass, iz \u0160panije. Zaradi ni\u017eih tro\u0161kova kod internetne prodaje, \u0107e te na na\u0161oj strani za taj mozaik platiti 10033,75 RSD. Plo\u010dice zelene boje osvje\u017eit \u0107e svaki prostor. \u0160irina i du\u017eina mre\u017ee na koju je pritvr\u0111en mozaik je 33,3&#215;33,3 cm. [&hellip;]<\/p>\n","protected":false},"featured_media":94260,"template":"","meta":[],"product_cat":[999759,400,999,410],"product_tag":[],"_links":{"self":[{"href":"https:\/\/www.keramika.com\/srbija\/wp-json\/wp\/v2\/product\/94259"}],"collection":[{"href":"https:\/\/www.keramika.com\/srbija\/wp-json\/wp\/v2\/product"}],"about":[{"href":"https:\/\/www.keramika.com\/srbija\/wp-json\/wp\/v2\/types\/product"}],"wp:featuredmedia":[{"embeddable":true,"href":"https:\/\/www.keramika.com\/srbija\/wp-json\/wp\/v2\/media\/94260"}],"wp:attachment":[{"href":"https:\/\/www.keramika.com\/srbija\/wp-json\/wp\/v2\/media?parent=94259"}],"wp:term":[{"taxonomy":"product_cat","embeddable":true,"href":"https:\/\/www.keramika.com\/srbija\/wp-json\/wp\/v2\/product_cat?post=94259"},{"taxonomy":"product_tag","embeddable":true,"href":"https:\/\/www.keramika.com\/srbija\/wp-json\/wp\/v2\/product_tag?post=94259"}],"curies":[{"name":"wp","href":"https:\/\/api.w.org\/{rel}","templated":true}]}}