{"id":94245,"date":"2017-07-02T06:52:43","date_gmt":"2017-07-02T06:52:43","guid":{"rendered":"http:\/\/www.ceramictiles.com\/srbija\/product\/alttoglass-mozaik-matt-gris-claro\/"},"modified":"2026-01-03T00:02:31","modified_gmt":"2026-01-03T00:02:31","slug":"alttoglass-mozaik-matt-gris-claro","status":"publish","type":"product","link":"https:\/\/www.keramika.com\/srbija\/alttoglass-mozaik-matt-gris-claro\/","title":{"rendered":"Alttoglass mozaik Matt Gris Claro"},"content":{"rendered":"<p>Alttoglass Mosaic Matt Gris Claro dolazi iz \u0160panije, koja je poznata po vrlo visokoj kvaliteta keramike u svetu. Veli\u010dina mre\u017ee sa mozaikom je 33,3&#215;33,3 cm, \u0161to omogu\u0107ava jednostavnu ugradnju. Redovna cena tog mozaika u maloprodaji je 12541,9 RSD, a u na\u0161oj online trgovini, ga mo\u017eete dobiti za 10033,75 RSD. 4 mm debljina \u0107e zadovoljiti i najzahtevnije kupce. Prilikom izbora mozaika u glavnom sive boji ne\u0107ete pogre\u0161iti<\/p>\n<p>Kliknite na ime serije za sve plo\u010dice u toj seriji: <a class=\"pdfcatal\" href=\"\/\/www.ceramictiles.com\/pdf\/altoglass\/catalogue_altoglass_matt.pdf\" onclick=\"recordOutboundLink(this, 'E-mail', 'Description PDF');return false;\">Alttoglass Matt<\/a><\/p>\n<p>Da bi naru\u010dili model iz PDF kataloga ove serije, molimo vas, da nas kontaktirate na: <a href=\"mailto:zo_mi@ceramictiles.com\" onclick=\"recordOutboundLink(this, 'E-mail', 'Description mail');return false;\">zo_mi@ceramictiles.com<\/a> ili nas pozovite na: For exact offer, PLS send us quantity and product you need with delivery address..<\/p>\n<p>Technical description: <br \/>Min. 1 box \u2013 Delivery 30 Euro\/box in EU<br \/>9,4 kg &#8211; 1,22 m2\/box<\/p>\n","protected":false},"excerpt":{"rendered":"<p>Alttoglass Mosaic Matt Gris Claro dolazi iz \u0160panije, koja je poznata po vrlo visokoj kvaliteta keramike u svetu. Veli\u010dina mre\u017ee sa mozaikom je 33,3&#215;33,3 cm, \u0161to omogu\u0107ava jednostavnu ugradnju. Redovna cena tog mozaika u maloprodaji je 12541,9 RSD, a u na\u0161oj online trgovini, ga mo\u017eete dobiti za 10033,75 RSD. 4 mm debljina \u0107e zadovoljiti i [&hellip;]<\/p>\n","protected":false},"featured_media":94246,"template":"","meta":[],"product_cat":[999759,400,999,410],"product_tag":[],"_links":{"self":[{"href":"https:\/\/www.keramika.com\/srbija\/wp-json\/wp\/v2\/product\/94245"}],"collection":[{"href":"https:\/\/www.keramika.com\/srbija\/wp-json\/wp\/v2\/product"}],"about":[{"href":"https:\/\/www.keramika.com\/srbija\/wp-json\/wp\/v2\/types\/product"}],"wp:featuredmedia":[{"embeddable":true,"href":"https:\/\/www.keramika.com\/srbija\/wp-json\/wp\/v2\/media\/94246"}],"wp:attachment":[{"href":"https:\/\/www.keramika.com\/srbija\/wp-json\/wp\/v2\/media?parent=94245"}],"wp:term":[{"taxonomy":"product_cat","embeddable":true,"href":"https:\/\/www.keramika.com\/srbija\/wp-json\/wp\/v2\/product_cat?post=94245"},{"taxonomy":"product_tag","embeddable":true,"href":"https:\/\/www.keramika.com\/srbija\/wp-json\/wp\/v2\/product_tag?post=94245"}],"curies":[{"name":"wp","href":"https:\/\/api.w.org\/{rel}","templated":true}]}}