{"id":94189,"date":"2017-07-02T06:42:50","date_gmt":"2017-07-02T06:42:50","guid":{"rendered":"http:\/\/www.ceramictiles.com\/srbija\/product\/alttoglass-mozaik-luxe-espiga-negro\/"},"modified":"2026-01-03T00:02:20","modified_gmt":"2026-01-03T00:02:20","slug":"alttoglass-mozaik-luxe-espiga-negro","status":"publish","type":"product","link":"https:\/\/www.keramika.com\/srbija\/alttoglass-mozaik-luxe-espiga-negro\/","title":{"rendered":"Alttoglass mozaik Luxe Espiga Negro"},"content":{"rendered":"<p>\u0160irina i du\u017eina mre\u017ee na koju je pritvr\u0111en mozaik je 33,3&#215;33,3 cm. Mre\u017ea se jednostavno mo\u017eete polo\u017eiti na razli\u010dite povr\u0161ine. 4 mm debljine je dovoljno za zahtevnije kupce. Redovna cena tog mozaika u maloprodaji je 17250 RSD, a u na\u0161oj online trgovini, ga mo\u017eete dobiti za 13800 RSD. Alttoglass Mosaic Luxe Espiga Negro je proizvod iz \u0160panije te je izuzetno kvalitetna. Mozaik plo\u010dice bele boje, su izuzetno tra\u017eene.<\/p>\n<p>Kliknite na ime serije za sve plo\u010dice u toj seriji: <a class=\"pdfcatal\" href=\"\/\/www.ceramictiles.com\/pdf\/altoglass\/catalogue_altoglass_luxe.pdf\" onclick=\"recordOutboundLink(this, 'E-mail', 'Description PDF');return false;\">Alttoglass Luxe<\/a><\/p>\n<p>Da bi naru\u010dili model iz PDF kataloga ove serije, molimo vas, da nas kontaktirate na: <a href=\"mailto:zo_mi@ceramictiles.com\" onclick=\"recordOutboundLink(this, 'E-mail', 'Description mail');return false;\">zo_mi@ceramictiles.com<\/a> ili nas pozovite na: For exact offer, PLS send us quantity and product you need with delivery address..<\/p>\n<p>Technical description: <br \/>Min. 1 box \u2013 Delivery 30 Euro\/box in EU<br \/>16,40 kg &#8211; 2 m2\/box<\/p>\n","protected":false},"excerpt":{"rendered":"<p>\u0160irina i du\u017eina mre\u017ee na koju je pritvr\u0111en mozaik je 33,3&#215;33,3 cm. Mre\u017ea se jednostavno mo\u017eete polo\u017eiti na razli\u010dite povr\u0161ine. 4 mm debljine je dovoljno za zahtevnije kupce. Redovna cena tog mozaika u maloprodaji je 17250 RSD, a u na\u0161oj online trgovini, ga mo\u017eete dobiti za 13800 RSD. Alttoglass Mosaic Luxe Espiga Negro je proizvod [&hellip;]<\/p>\n","protected":false},"featured_media":94190,"template":"","meta":[],"product_cat":[999759,400,999,410],"product_tag":[],"_links":{"self":[{"href":"https:\/\/www.keramika.com\/srbija\/wp-json\/wp\/v2\/product\/94189"}],"collection":[{"href":"https:\/\/www.keramika.com\/srbija\/wp-json\/wp\/v2\/product"}],"about":[{"href":"https:\/\/www.keramika.com\/srbija\/wp-json\/wp\/v2\/types\/product"}],"wp:featuredmedia":[{"embeddable":true,"href":"https:\/\/www.keramika.com\/srbija\/wp-json\/wp\/v2\/media\/94190"}],"wp:attachment":[{"href":"https:\/\/www.keramika.com\/srbija\/wp-json\/wp\/v2\/media?parent=94189"}],"wp:term":[{"taxonomy":"product_cat","embeddable":true,"href":"https:\/\/www.keramika.com\/srbija\/wp-json\/wp\/v2\/product_cat?post=94189"},{"taxonomy":"product_tag","embeddable":true,"href":"https:\/\/www.keramika.com\/srbija\/wp-json\/wp\/v2\/product_tag?post=94189"}],"curies":[{"name":"wp","href":"https:\/\/api.w.org\/{rel}","templated":true}]}}