{"id":94179,"date":"2017-07-02T06:40:59","date_gmt":"2017-07-02T06:40:59","guid":{"rendered":"http:\/\/www.ceramictiles.com\/srbija\/product\/alttoglass-mozaik-luxe-azabache\/"},"modified":"2026-01-03T00:02:18","modified_gmt":"2026-01-03T00:02:18","slug":"alttoglass-mozaik-luxe-azabache","status":"publish","type":"product","link":"https:\/\/www.keramika.com\/srbija\/alttoglass-mozaik-luxe-azabache\/","title":{"rendered":"Alttoglass mozaik Luxe Azabache"},"content":{"rendered":"<p>Mozaik plo\u010dice crne boje, su izuzetno tra\u017eene. Redovna cena tog mozaika u maloprodaji je 18627,7 RSD, a u na\u0161oj online trgovini, ga mo\u017eete dobiti za 14901,7 RSD. 4 mm debljine je dovoljno za zahtevnije kupce. Ovaj mozaik je proizveden od proizvo\u0111a\u010da Alttoglass, iz \u0160panije. Veli\u010dina mre\u017ee sa mozaikom je 33,3&#215;33,3 cm, \u0161to omogu\u0107ava jednostavnu ugradnju.<\/p>\n<p>Kliknite na ime serije za sve plo\u010dice u toj seriji: <a class=\"pdfcatal\" href=\"\/\/www.ceramictiles.com\/pdf\/altoglass\/catalogue_altoglass_luxe.pdf\" onclick=\"recordOutboundLink(this, 'E-mail', 'Description PDF');return false;\">Alttoglass Luxe<\/a><\/p>\n<p>Da bi naru\u010dili model iz PDF kataloga ove serije, molimo vas, da nas kontaktirate na: <a href=\"mailto:zo_mi@ceramictiles.com\" onclick=\"recordOutboundLink(this, 'E-mail', 'Description mail');return false;\">zo_mi@ceramictiles.com<\/a> ili nas pozovite na: For exact offer, PLS send us quantity and product you need with delivery address..<\/p>\n<p>Technical description: <br \/>Min. 1 box \u2013 Delivery 30 Euro\/box in EU<br \/>8,20 kg<\/p>\n","protected":false},"excerpt":{"rendered":"<p>Mozaik plo\u010dice crne boje, su izuzetno tra\u017eene. Redovna cena tog mozaika u maloprodaji je 18627,7 RSD, a u na\u0161oj online trgovini, ga mo\u017eete dobiti za 14901,7 RSD. 4 mm debljine je dovoljno za zahtevnije kupce. Ovaj mozaik je proizveden od proizvo\u0111a\u010da Alttoglass, iz \u0160panije. Veli\u010dina mre\u017ee sa mozaikom je 33,3&#215;33,3 cm, \u0161to omogu\u0107ava jednostavnu ugradnju. [&hellip;]<\/p>\n","protected":false},"featured_media":94180,"template":"","meta":[],"product_cat":[999759,400,999,410],"product_tag":[],"_links":{"self":[{"href":"https:\/\/www.keramika.com\/srbija\/wp-json\/wp\/v2\/product\/94179"}],"collection":[{"href":"https:\/\/www.keramika.com\/srbija\/wp-json\/wp\/v2\/product"}],"about":[{"href":"https:\/\/www.keramika.com\/srbija\/wp-json\/wp\/v2\/types\/product"}],"wp:featuredmedia":[{"embeddable":true,"href":"https:\/\/www.keramika.com\/srbija\/wp-json\/wp\/v2\/media\/94180"}],"wp:attachment":[{"href":"https:\/\/www.keramika.com\/srbija\/wp-json\/wp\/v2\/media?parent=94179"}],"wp:term":[{"taxonomy":"product_cat","embeddable":true,"href":"https:\/\/www.keramika.com\/srbija\/wp-json\/wp\/v2\/product_cat?post=94179"},{"taxonomy":"product_tag","embeddable":true,"href":"https:\/\/www.keramika.com\/srbija\/wp-json\/wp\/v2\/product_tag?post=94179"}],"curies":[{"name":"wp","href":"https:\/\/api.w.org\/{rel}","templated":true}]}}