{"id":94155,"date":"2017-07-02T06:36:42","date_gmt":"2017-07-02T06:36:42","guid":{"rendered":"http:\/\/www.ceramictiles.com\/srbija\/product\/alttoglass-mozaik-italy-drava\/"},"modified":"2026-01-03T00:02:15","modified_gmt":"2026-01-03T00:02:15","slug":"alttoglass-mozaik-italy-drava","status":"publish","type":"product","link":"https:\/\/www.keramika.com\/srbija\/alttoglass-mozaik-italy-drava\/","title":{"rendered":"Alttoglass mozaik Italy Drava"},"content":{"rendered":"<p>Veli\u010dina mre\u017ee sa mozaikom je 30&#215;30 cm, \u0161to omogu\u0107ava jednostavnu ugradnju. Namjesto 25875 RSD \u0161to je cena u maloprodaji, Vi pla\u0107ate samo 20700 RSD. Mozaik je debljine 8 mm, \u0161to ga \u010dini izuzetno tvrdim. Mozaik je iz \u0160panije , koja je poznata u svetu kao jedan od najboljih proizvo\u0111a\u010da mozaik plo\u010dica. Mozaik plo\u010dice bele boje, su izuzetno tra\u017eene.<\/p>\n<p>Kliknite na ime serije za sve plo\u010dice u toj seriji: <a class=\"pdfcatal\" href=\"\/\/www.ceramictiles.com\/pdf\/altoglass\/catalogue_altoglass_italy.pdf\" onclick=\"recordOutboundLink(this, 'E-mail', 'Description PDF');return false;\">Alttoglass Italy<\/a><\/p>\n<p>Da bi naru\u010dili model iz PDF kataloga ove serije, molimo vas, da nas kontaktirate na: <a href=\"mailto:zo_mi@ceramictiles.com\" onclick=\"recordOutboundLink(this, 'E-mail', 'Description mail');return false;\">zo_mi@ceramictiles.com<\/a> ili nas pozovite na: For exact offer, PLS send us quantity and product you need with delivery address..<\/p>\n<p>Technical description: <br \/>Min. 1 box \u2013 Delivery 30 Euro\/box in EU<br \/>8,5 kg<\/p>\n","protected":false},"excerpt":{"rendered":"<p>Veli\u010dina mre\u017ee sa mozaikom je 30&#215;30 cm, \u0161to omogu\u0107ava jednostavnu ugradnju. Namjesto 25875 RSD \u0161to je cena u maloprodaji, Vi pla\u0107ate samo 20700 RSD. Mozaik je debljine 8 mm, \u0161to ga \u010dini izuzetno tvrdim. Mozaik je iz \u0160panije , koja je poznata u svetu kao jedan od najboljih proizvo\u0111a\u010da mozaik plo\u010dica. Mozaik plo\u010dice bele boje, [&hellip;]<\/p>\n","protected":false},"featured_media":94156,"template":"","meta":[],"product_cat":[999759,400,999,410,430],"product_tag":[],"_links":{"self":[{"href":"https:\/\/www.keramika.com\/srbija\/wp-json\/wp\/v2\/product\/94155"}],"collection":[{"href":"https:\/\/www.keramika.com\/srbija\/wp-json\/wp\/v2\/product"}],"about":[{"href":"https:\/\/www.keramika.com\/srbija\/wp-json\/wp\/v2\/types\/product"}],"wp:featuredmedia":[{"embeddable":true,"href":"https:\/\/www.keramika.com\/srbija\/wp-json\/wp\/v2\/media\/94156"}],"wp:attachment":[{"href":"https:\/\/www.keramika.com\/srbija\/wp-json\/wp\/v2\/media?parent=94155"}],"wp:term":[{"taxonomy":"product_cat","embeddable":true,"href":"https:\/\/www.keramika.com\/srbija\/wp-json\/wp\/v2\/product_cat?post=94155"},{"taxonomy":"product_tag","embeddable":true,"href":"https:\/\/www.keramika.com\/srbija\/wp-json\/wp\/v2\/product_tag?post=94155"}],"curies":[{"name":"wp","href":"https:\/\/api.w.org\/{rel}","templated":true}]}}