{"id":94135,"date":"2017-07-02T06:33:09","date_gmt":"2017-07-02T06:33:09","guid":{"rendered":"http:\/\/www.ceramictiles.com\/srbija\/product\/alttoglass-mozaik-ink-ambar-inkgems\/"},"modified":"2026-01-03T00:02:12","modified_gmt":"2026-01-03T00:02:12","slug":"alttoglass-mozaik-ink-ambar-inkgems","status":"publish","type":"product","link":"https:\/\/www.keramika.com\/srbija\/alttoglass-mozaik-ink-ambar-inkgems\/","title":{"rendered":"Alttoglass mozaik Ink Ambar Inkgems"},"content":{"rendered":"<p>Ovaj mozaik je proizveden od proizvo\u0111a\u010da Alttoglass, iz \u0160panije. 4 mm debljine je dovoljno za zahtevnije kupce. Redovna cena tog mozaika u maloprodaji je 43125 RSD, a u na\u0161oj online trgovini, ga mo\u017eete dobiti za 34500 RSD. Ove lepe, mozaik plo\u010dice be\u017e boje, \u0107e obogatiti svaki prostor. Veli\u010dina mre\u017ee sa mozaikom je 33,3&#215;33,3 cm, \u0161to omogu\u0107ava jednostavnu ugradnju.<\/p>\n<p>Kliknite na ime serije za sve plo\u010dice u toj seriji: <a class=\"pdfcatal\" href=\"\/\/www.ceramictiles.com\/pdf\/altoglass\/catalogue_altoglass_ink.pdf\" onclick=\"recordOutboundLink(this, 'E-mail', 'Description PDF');return false;\">Alttoglass Ink<\/a><\/p>\n<p>Da bi naru\u010dili model iz PDF kataloga ove serije, molimo vas, da nas kontaktirate na: <a href=\"mailto:zo_mi@ceramictiles.com\" onclick=\"recordOutboundLink(this, 'E-mail', 'Description mail');return false;\">zo_mi@ceramictiles.com<\/a> ili nas pozovite na: For exact offer, PLS send us quantity and product you need with delivery address..<\/p>\n<p>Technical description: <br \/>Min. 1 box \u2013 Delivery 30 Euro\/box in EU<br \/>8,2 kg<\/p>\n","protected":false},"excerpt":{"rendered":"<p>Ovaj mozaik je proizveden od proizvo\u0111a\u010da Alttoglass, iz \u0160panije. 4 mm debljine je dovoljno za zahtevnije kupce. Redovna cena tog mozaika u maloprodaji je 43125 RSD, a u na\u0161oj online trgovini, ga mo\u017eete dobiti za 34500 RSD. Ove lepe, mozaik plo\u010dice be\u017e boje, \u0107e obogatiti svaki prostor. Veli\u010dina mre\u017ee sa mozaikom je 33,3&#215;33,3 cm, \u0161to [&hellip;]<\/p>\n","protected":false},"featured_media":94136,"template":"","meta":[],"product_cat":[999759,400,999,410],"product_tag":[],"_links":{"self":[{"href":"https:\/\/www.keramika.com\/srbija\/wp-json\/wp\/v2\/product\/94135"}],"collection":[{"href":"https:\/\/www.keramika.com\/srbija\/wp-json\/wp\/v2\/product"}],"about":[{"href":"https:\/\/www.keramika.com\/srbija\/wp-json\/wp\/v2\/types\/product"}],"wp:featuredmedia":[{"embeddable":true,"href":"https:\/\/www.keramika.com\/srbija\/wp-json\/wp\/v2\/media\/94136"}],"wp:attachment":[{"href":"https:\/\/www.keramika.com\/srbija\/wp-json\/wp\/v2\/media?parent=94135"}],"wp:term":[{"taxonomy":"product_cat","embeddable":true,"href":"https:\/\/www.keramika.com\/srbija\/wp-json\/wp\/v2\/product_cat?post=94135"},{"taxonomy":"product_tag","embeddable":true,"href":"https:\/\/www.keramika.com\/srbija\/wp-json\/wp\/v2\/product_tag?post=94135"}],"curies":[{"name":"wp","href":"https:\/\/api.w.org\/{rel}","templated":true}]}}