{"id":94113,"date":"2017-07-02T06:29:20","date_gmt":"2017-07-02T06:29:20","guid":{"rendered":"http:\/\/www.ceramictiles.com\/srbija\/product\/alttoglass-mozaik-fog-melilla\/"},"modified":"2026-01-03T00:02:10","modified_gmt":"2026-01-03T00:02:10","slug":"alttoglass-mozaik-fog-melilla","status":"publish","type":"product","link":"https:\/\/www.keramika.com\/srbija\/alttoglass-mozaik-fog-melilla\/","title":{"rendered":"Alttoglass mozaik Fog Melilla"},"content":{"rendered":"<p>Ove lepe, mozaik plo\u010dice be\u017e boje, \u0107e obogatiti svaki prostor. 4 mm debljine je dovoljno za zahtevnije kupce. Veli\u010dina mre\u017ee sa mozaikom je 33,3&#215;33,3 cm, \u0161to omogu\u0107ava jednostavnu ugradnju. Na na\u0161em sajtu, \u0107e te dobiti mozaik za samo 4743,75 RSD, dok je u maloprodaji 5929,4 RSD. Ovaj mozaik je proizveden od proizvo\u0111a\u010da Alttoglass, iz \u0160panije.<\/p>\n<p>Kliknite na ime serije za sve plo\u010dice u toj seriji: <a class=\"pdfcatal\" href=\"\/\/www.ceramictiles.com\/pdf\/altoglass\/catalogue_altoglass_fog.pdf\" onclick=\"recordOutboundLink(this, 'E-mail', 'Description PDF');return false;\">Alttoglass Fog<\/a><\/p>\n<p>Da bi naru\u010dili model iz PDF kataloga ove serije, molimo vas, da nas kontaktirate na: <a href=\"mailto:zo_mi@ceramictiles.com\" onclick=\"recordOutboundLink(this, 'E-mail', 'Description mail');return false;\">zo_mi@ceramictiles.com<\/a> ili nas pozovite na: For exact offer, PLS send us quantity and product you need with delivery address..<\/p>\n<p>Technical description: <br \/>Min. 1 box \u2013 Delivery 30 Euro\/box in EU<br \/>16,40 kg &#8211; 2 m2\/box<\/p>\n","protected":false},"excerpt":{"rendered":"<p>Ove lepe, mozaik plo\u010dice be\u017e boje, \u0107e obogatiti svaki prostor. 4 mm debljine je dovoljno za zahtevnije kupce. Veli\u010dina mre\u017ee sa mozaikom je 33,3&#215;33,3 cm, \u0161to omogu\u0107ava jednostavnu ugradnju. Na na\u0161em sajtu, \u0107e te dobiti mozaik za samo 4743,75 RSD, dok je u maloprodaji 5929,4 RSD. Ovaj mozaik je proizveden od proizvo\u0111a\u010da Alttoglass, iz \u0160panije. [&hellip;]<\/p>\n","protected":false},"featured_media":94114,"template":"","meta":[],"product_cat":[999759,400,999,410],"product_tag":[],"_links":{"self":[{"href":"https:\/\/www.keramika.com\/srbija\/wp-json\/wp\/v2\/product\/94113"}],"collection":[{"href":"https:\/\/www.keramika.com\/srbija\/wp-json\/wp\/v2\/product"}],"about":[{"href":"https:\/\/www.keramika.com\/srbija\/wp-json\/wp\/v2\/types\/product"}],"wp:featuredmedia":[{"embeddable":true,"href":"https:\/\/www.keramika.com\/srbija\/wp-json\/wp\/v2\/media\/94114"}],"wp:attachment":[{"href":"https:\/\/www.keramika.com\/srbija\/wp-json\/wp\/v2\/media?parent=94113"}],"wp:term":[{"taxonomy":"product_cat","embeddable":true,"href":"https:\/\/www.keramika.com\/srbija\/wp-json\/wp\/v2\/product_cat?post=94113"},{"taxonomy":"product_tag","embeddable":true,"href":"https:\/\/www.keramika.com\/srbija\/wp-json\/wp\/v2\/product_tag?post=94113"}],"curies":[{"name":"wp","href":"https:\/\/api.w.org\/{rel}","templated":true}]}}