{"id":94109,"date":"2017-07-02T06:28:39","date_gmt":"2017-07-02T06:28:39","guid":{"rendered":"http:\/\/www.ceramictiles.com\/srbija\/product\/alttoglass-mozaik-fog-marron-claro\/"},"modified":"2026-01-03T00:02:09","modified_gmt":"2026-01-03T00:02:09","slug":"alttoglass-mozaik-fog-marron-claro","status":"publish","type":"product","link":"https:\/\/www.keramika.com\/srbija\/alttoglass-mozaik-fog-marron-claro\/","title":{"rendered":"Alttoglass mozaik Fog Marron Claro"},"content":{"rendered":"<p>U maloprodaji je cena 4743,75 RSD, online cena, pa je samo 3795 RSD. Veli\u010dina mre\u017ee sa mozaikom je 33,3&#215;33,3 cm, \u0161to omogu\u0107ava jednostavnu ugradnju. Veoma moderan mozaik, dominantne be\u017e boje, oboga\u0107uje savki prostor. Mozaik je iz \u0160panije , koja je poznata u svetu kao jedan od najboljih proizvo\u0111a\u010da mozaik plo\u010dica. Mozaik je debljine 4 mm, \u0161to ga \u010dini izuzetno tvrdim.<\/p>\n<p>Kliknite na ime serije za sve plo\u010dice u toj seriji: <a class=\"pdfcatal\" href=\"\/\/www.ceramictiles.com\/pdf\/altoglass\/catalogue_altoglass_fog.pdf\" onclick=\"recordOutboundLink(this, 'E-mail', 'Description PDF');return false;\">Alttoglass Fog<\/a><\/p>\n<p>Da bi naru\u010dili model iz PDF kataloga ove serije, molimo vas, da nas kontaktirate na: <a href=\"mailto:zo_mi@ceramictiles.com\" onclick=\"recordOutboundLink(this, 'E-mail', 'Description mail');return false;\">zo_mi@ceramictiles.com<\/a> ili nas pozovite na: For exact offer, PLS send us quantity and product you need with delivery address..<\/p>\n<p>Technical description: <br \/>Min. 1 box \u2013 Delivery 30 Euro\/box in EU<br \/>16,40 kg &#8211; 2 m2\/box<\/p>\n","protected":false},"excerpt":{"rendered":"<p>U maloprodaji je cena 4743,75 RSD, online cena, pa je samo 3795 RSD. Veli\u010dina mre\u017ee sa mozaikom je 33,3&#215;33,3 cm, \u0161to omogu\u0107ava jednostavnu ugradnju. Veoma moderan mozaik, dominantne be\u017e boje, oboga\u0107uje savki prostor. Mozaik je iz \u0160panije , koja je poznata u svetu kao jedan od najboljih proizvo\u0111a\u010da mozaik plo\u010dica. Mozaik je debljine 4 mm, [&hellip;]<\/p>\n","protected":false},"featured_media":94110,"template":"","meta":[],"product_cat":[999759,400,999,410],"product_tag":[],"_links":{"self":[{"href":"https:\/\/www.keramika.com\/srbija\/wp-json\/wp\/v2\/product\/94109"}],"collection":[{"href":"https:\/\/www.keramika.com\/srbija\/wp-json\/wp\/v2\/product"}],"about":[{"href":"https:\/\/www.keramika.com\/srbija\/wp-json\/wp\/v2\/types\/product"}],"wp:featuredmedia":[{"embeddable":true,"href":"https:\/\/www.keramika.com\/srbija\/wp-json\/wp\/v2\/media\/94110"}],"wp:attachment":[{"href":"https:\/\/www.keramika.com\/srbija\/wp-json\/wp\/v2\/media?parent=94109"}],"wp:term":[{"taxonomy":"product_cat","embeddable":true,"href":"https:\/\/www.keramika.com\/srbija\/wp-json\/wp\/v2\/product_cat?post=94109"},{"taxonomy":"product_tag","embeddable":true,"href":"https:\/\/www.keramika.com\/srbija\/wp-json\/wp\/v2\/product_tag?post=94109"}],"curies":[{"name":"wp","href":"https:\/\/api.w.org\/{rel}","templated":true}]}}