{"id":94077,"date":"2017-07-02T06:22:55","date_gmt":"2017-07-02T06:22:55","guid":{"rendered":"http:\/\/www.ceramictiles.com\/srbija\/product\/alttoglass-mozaik-fashion-rain\/"},"modified":"2026-01-03T00:02:05","modified_gmt":"2026-01-03T00:02:05","slug":"alttoglass-mozaik-fashion-rain","status":"publish","type":"product","link":"https:\/\/www.keramika.com\/srbija\/alttoglass-mozaik-fashion-rain\/","title":{"rendered":"Alttoglass mozaik Fashion Rain"},"content":{"rendered":"<p>Dimenzije mre\u017ee na koju je pritvr\u0111en mozaik je 33,3&#215;33,3 cm. Mre\u017ea omogu\u0107ava jednostavnu instalaciju. Prilikom izbora mozaika u glavnom plave boji ne\u0107ete pogre\u0161iti Ove mozaik plo\u010dice doleaze iz \u0160panije, koja je poznata po kvalitetnom mozaiku. 4 mm debljine je dovoljno za zahtevnije kupce. Alttoglass Mosaic Fashion Rain je dostupna po vrlo povoljnim cenama 13800 RSD.<\/p>\n<p>Kliknite na ime serije za sve plo\u010dice u toj seriji: <a class=\"pdfcatal\" href=\"\/\/www.ceramictiles.com\/pdf\/altoglass\/catalogue_altoglass_fashion.pdf\" onclick=\"recordOutboundLink(this, 'E-mail', 'Description PDF');return false;\">Alttoglass Fashion<\/a><\/p>\n<p>Da bi naru\u010dili model iz PDF kataloga ove serije, molimo vas, da nas kontaktirate na: <a href=\"mailto:zo_mi@ceramictiles.com\" onclick=\"recordOutboundLink(this, 'E-mail', 'Description mail');return false;\">zo_mi@ceramictiles.com<\/a> ili nas pozovite na: For exact offer, PLS send us quantity and product you need with delivery address..<\/p>\n<p>Technical description: <br \/>Min. 1 box \u2013 Delivery 30 Euro\/box in EU<br \/>8,2 kg<\/p>\n","protected":false},"excerpt":{"rendered":"<p>Dimenzije mre\u017ee na koju je pritvr\u0111en mozaik je 33,3&#215;33,3 cm. Mre\u017ea omogu\u0107ava jednostavnu instalaciju. Prilikom izbora mozaika u glavnom plave boji ne\u0107ete pogre\u0161iti Ove mozaik plo\u010dice doleaze iz \u0160panije, koja je poznata po kvalitetnom mozaiku. 4 mm debljine je dovoljno za zahtevnije kupce. Alttoglass Mosaic Fashion Rain je dostupna po vrlo povoljnim cenama 13800 RSD. [&hellip;]<\/p>\n","protected":false},"featured_media":94078,"template":"","meta":[],"product_cat":[999759,400,999,410],"product_tag":[],"_links":{"self":[{"href":"https:\/\/www.keramika.com\/srbija\/wp-json\/wp\/v2\/product\/94077"}],"collection":[{"href":"https:\/\/www.keramika.com\/srbija\/wp-json\/wp\/v2\/product"}],"about":[{"href":"https:\/\/www.keramika.com\/srbija\/wp-json\/wp\/v2\/types\/product"}],"wp:featuredmedia":[{"embeddable":true,"href":"https:\/\/www.keramika.com\/srbija\/wp-json\/wp\/v2\/media\/94078"}],"wp:attachment":[{"href":"https:\/\/www.keramika.com\/srbija\/wp-json\/wp\/v2\/media?parent=94077"}],"wp:term":[{"taxonomy":"product_cat","embeddable":true,"href":"https:\/\/www.keramika.com\/srbija\/wp-json\/wp\/v2\/product_cat?post=94077"},{"taxonomy":"product_tag","embeddable":true,"href":"https:\/\/www.keramika.com\/srbija\/wp-json\/wp\/v2\/product_tag?post=94077"}],"curies":[{"name":"wp","href":"https:\/\/api.w.org\/{rel}","templated":true}]}}