{"id":94057,"date":"2017-07-02T06:19:25","date_gmt":"2017-07-02T06:19:25","guid":{"rendered":"http:\/\/www.ceramictiles.com\/srbija\/product\/alttoglass-mozaik-cosmos-mix-negro\/"},"modified":"2026-01-03T00:02:03","modified_gmt":"2026-01-03T00:02:03","slug":"alttoglass-mozaik-cosmos-mix-negro","status":"publish","type":"product","link":"https:\/\/www.keramika.com\/srbija\/alttoglass-mozaik-cosmos-mix-negro\/","title":{"rendered":"Alttoglass mozaik Cosmos Mix Negro"},"content":{"rendered":"<p>Alttoglass Mosaic Cosmos Mix Negro dolazi iz \u0160panije, koja je poznata po vrlo visokoj kvaliteta keramike u svetu. Veoma moderan mozaik, dominantne crne boje, oboga\u0107uje savki prostor. Ovaj mozaik je 4 mm, te je vrlo je izdr\u017eljiv. 8121,3 RSD je redovna prodajna cena keramike, tu pa samo 6497,5 RSD. Mozaik plo\u010dice su na mre\u017ei, \u0161to olak\u0161ava njegovu instalaciju. Veli\u010dina mre\u017ee je 33,3&#215;33,3 cm.<\/p>\n<p>Kliknite na ime serije za sve plo\u010dice u toj seriji: <a class=\"pdfcatal\" href=\"\/\/www.ceramictiles.com\/pdf\/altoglass\/catalogue_altoglass_cosmos.pdf\" onclick=\"recordOutboundLink(this, 'E-mail', 'Description PDF');return false;\">Alttoglass Cosmos<\/a><\/p>\n<p>Da bi naru\u010dili model iz PDF kataloga ove serije, molimo vas, da nas kontaktirate na: <a href=\"mailto:zo_mi@ceramictiles.com\" onclick=\"recordOutboundLink(this, 'E-mail', 'Description mail');return false;\">zo_mi@ceramictiles.com<\/a> ili nas pozovite na: For exact offer, PLS send us quantity and product you need with delivery address..<\/p>\n<p>Technical description: <br \/>Min. 1 box \u2013 Delivery 30 Euro\/box in EU<br \/>16,40 kg &#8211; 2 m2\/box<\/p>\n","protected":false},"excerpt":{"rendered":"<p>Alttoglass Mosaic Cosmos Mix Negro dolazi iz \u0160panije, koja je poznata po vrlo visokoj kvaliteta keramike u svetu. Veoma moderan mozaik, dominantne crne boje, oboga\u0107uje savki prostor. Ovaj mozaik je 4 mm, te je vrlo je izdr\u017eljiv. 8121,3 RSD je redovna prodajna cena keramike, tu pa samo 6497,5 RSD. Mozaik plo\u010dice su na mre\u017ei, \u0161to [&hellip;]<\/p>\n","protected":false},"featured_media":94058,"template":"","meta":[],"product_cat":[999759,400,999,410],"product_tag":[],"_links":{"self":[{"href":"https:\/\/www.keramika.com\/srbija\/wp-json\/wp\/v2\/product\/94057"}],"collection":[{"href":"https:\/\/www.keramika.com\/srbija\/wp-json\/wp\/v2\/product"}],"about":[{"href":"https:\/\/www.keramika.com\/srbija\/wp-json\/wp\/v2\/types\/product"}],"wp:featuredmedia":[{"embeddable":true,"href":"https:\/\/www.keramika.com\/srbija\/wp-json\/wp\/v2\/media\/94058"}],"wp:attachment":[{"href":"https:\/\/www.keramika.com\/srbija\/wp-json\/wp\/v2\/media?parent=94057"}],"wp:term":[{"taxonomy":"product_cat","embeddable":true,"href":"https:\/\/www.keramika.com\/srbija\/wp-json\/wp\/v2\/product_cat?post=94057"},{"taxonomy":"product_tag","embeddable":true,"href":"https:\/\/www.keramika.com\/srbija\/wp-json\/wp\/v2\/product_tag?post=94057"}],"curies":[{"name":"wp","href":"https:\/\/api.w.org\/{rel}","templated":true}]}}