{"id":94033,"date":"2017-07-02T06:15:11","date_gmt":"2017-07-02T06:15:11","guid":{"rendered":"http:\/\/www.ceramictiles.com\/srbija\/product\/alttoglass-mozaik-cool-rushmore\/"},"modified":"2026-01-03T00:02:01","modified_gmt":"2026-01-03T00:02:01","slug":"alttoglass-mozaik-cool-rushmore","status":"publish","type":"product","link":"https:\/\/www.keramika.com\/srbija\/alttoglass-mozaik-cool-rushmore\/","title":{"rendered":"Alttoglass mozaik Cool Rushmore"},"content":{"rendered":"<p>Redovna cena tog mozaika u maloprodaji je 43125 RSD, a u na\u0161oj online trgovini, ga mo\u017eete dobiti za 34500 RSD. Debljina od 8 mm ovog mozaika ga \u010dini vrlo izdr\u017eljivim i prijatnim na dodir. plo\u010dica proizvo\u0111a\u010da Alttoglass iz \u0160panije. Mozaik plo\u010dice be\u017e boje, su izuzetno tra\u017eene. Veli\u010dina mre\u017ee 30&#215;30 cm nakoju je pritvr\u0111en, omogu\u0107ava pritvr\u0111ivanje na razli\u010dite povr\u0161ine.<\/p>\n<p>Kliknite na ime serije za sve plo\u010dice u toj seriji: <a class=\"pdfcatal\" href=\"\/\/www.ceramictiles.com\/pdf\/altoglass\/catalogue_altoglass_cool.pdf\" onclick=\"recordOutboundLink(this, 'E-mail', 'Description PDF');return false;\">Alttoglass Cool<\/a><\/p>\n<p>Da bi naru\u010dili model iz PDF kataloga ove serije, molimo vas, da nas kontaktirate na: <a href=\"mailto:zo_mi@ceramictiles.com\" onclick=\"recordOutboundLink(this, 'E-mail', 'Description mail');return false;\">zo_mi@ceramictiles.com<\/a> ili nas pozovite na: For exact offer, PLS send us quantity and product you need with delivery address..<\/p>\n<p>Technical description: <br \/>Min. 1 box \u2013 Delivery 30 Euro\/box in EU<br \/>16 kg<\/p>\n","protected":false},"excerpt":{"rendered":"<p>Redovna cena tog mozaika u maloprodaji je 43125 RSD, a u na\u0161oj online trgovini, ga mo\u017eete dobiti za 34500 RSD. Debljina od 8 mm ovog mozaika ga \u010dini vrlo izdr\u017eljivim i prijatnim na dodir. plo\u010dica proizvo\u0111a\u010da Alttoglass iz \u0160panije. Mozaik plo\u010dice be\u017e boje, su izuzetno tra\u017eene. Veli\u010dina mre\u017ee 30&#215;30 cm nakoju je pritvr\u0111en, omogu\u0107ava pritvr\u0111ivanje [&hellip;]<\/p>\n","protected":false},"featured_media":94034,"template":"","meta":[],"product_cat":[999759,420,400,999,430],"product_tag":[],"_links":{"self":[{"href":"https:\/\/www.keramika.com\/srbija\/wp-json\/wp\/v2\/product\/94033"}],"collection":[{"href":"https:\/\/www.keramika.com\/srbija\/wp-json\/wp\/v2\/product"}],"about":[{"href":"https:\/\/www.keramika.com\/srbija\/wp-json\/wp\/v2\/types\/product"}],"wp:featuredmedia":[{"embeddable":true,"href":"https:\/\/www.keramika.com\/srbija\/wp-json\/wp\/v2\/media\/94034"}],"wp:attachment":[{"href":"https:\/\/www.keramika.com\/srbija\/wp-json\/wp\/v2\/media?parent=94033"}],"wp:term":[{"taxonomy":"product_cat","embeddable":true,"href":"https:\/\/www.keramika.com\/srbija\/wp-json\/wp\/v2\/product_cat?post=94033"},{"taxonomy":"product_tag","embeddable":true,"href":"https:\/\/www.keramika.com\/srbija\/wp-json\/wp\/v2\/product_tag?post=94033"}],"curies":[{"name":"wp","href":"https:\/\/api.w.org\/{rel}","templated":true}]}}