{"id":94019,"date":"2017-07-02T06:12:40","date_gmt":"2017-07-02T06:12:40","guid":{"rendered":"http:\/\/www.ceramictiles.com\/srbija\/product\/alttoglass-mozaik-cool-big-ben\/"},"modified":"2026-01-03T00:01:59","modified_gmt":"2026-01-03T00:01:59","slug":"alttoglass-mozaik-cool-big-ben","status":"publish","type":"product","link":"https:\/\/www.keramika.com\/srbija\/alttoglass-mozaik-cool-big-ben\/","title":{"rendered":"Alttoglass mozaik Cool Big Ben"},"content":{"rendered":"<p>8 mm debljina \u0107e zadovoljiti i najzahtevnije kupce. Prilikom izbora mozaika u glavnom braon boji ne\u0107ete pogre\u0161iti U maloprodaji je cena 43125 RSD, online cena, pa je samo 34500 RSD. Veli\u010dina mre\u017ee 30&#215;30 cm nakoju je pritvr\u0111en, omogu\u0107ava pritvr\u0111ivanje na razli\u010dite povr\u0161ine. Alttoglass Mosaic Cool Big Ben dolazi iz \u0160panije, koja je poznata po vrlo visokoj kvaliteta keramike u svetu.<\/p>\n<p>Kliknite na ime serije za sve plo\u010dice u toj seriji: <a class=\"pdfcatal\" href=\"\/\/www.ceramictiles.com\/pdf\/altoglass\/catalogue_altoglass_cool.pdf\" onclick=\"recordOutboundLink(this, 'E-mail', 'Description PDF');return false;\">Alttoglass Cool<\/a><\/p>\n<p>Da bi naru\u010dili model iz PDF kataloga ove serije, molimo vas, da nas kontaktirate na: <a href=\"mailto:zo_mi@ceramictiles.com\" onclick=\"recordOutboundLink(this, 'E-mail', 'Description mail');return false;\">zo_mi@ceramictiles.com<\/a> ili nas pozovite na: For exact offer, PLS send us quantity and product you need with delivery address..<\/p>\n<p>Technical description: <br \/>Min. 1 box \u2013 Delivery 30 Euro\/box in EU<br \/>16 kg<\/p>\n","protected":false},"excerpt":{"rendered":"<p>8 mm debljina \u0107e zadovoljiti i najzahtevnije kupce. Prilikom izbora mozaika u glavnom braon boji ne\u0107ete pogre\u0161iti U maloprodaji je cena 43125 RSD, online cena, pa je samo 34500 RSD. Veli\u010dina mre\u017ee 30&#215;30 cm nakoju je pritvr\u0111en, omogu\u0107ava pritvr\u0111ivanje na razli\u010dite povr\u0161ine. Alttoglass Mosaic Cool Big Ben dolazi iz \u0160panije, koja je poznata po vrlo [&hellip;]<\/p>\n","protected":false},"featured_media":94020,"template":"","meta":[],"product_cat":[999759,420,400,999,430],"product_tag":[],"_links":{"self":[{"href":"https:\/\/www.keramika.com\/srbija\/wp-json\/wp\/v2\/product\/94019"}],"collection":[{"href":"https:\/\/www.keramika.com\/srbija\/wp-json\/wp\/v2\/product"}],"about":[{"href":"https:\/\/www.keramika.com\/srbija\/wp-json\/wp\/v2\/types\/product"}],"wp:featuredmedia":[{"embeddable":true,"href":"https:\/\/www.keramika.com\/srbija\/wp-json\/wp\/v2\/media\/94020"}],"wp:attachment":[{"href":"https:\/\/www.keramika.com\/srbija\/wp-json\/wp\/v2\/media?parent=94019"}],"wp:term":[{"taxonomy":"product_cat","embeddable":true,"href":"https:\/\/www.keramika.com\/srbija\/wp-json\/wp\/v2\/product_cat?post=94019"},{"taxonomy":"product_tag","embeddable":true,"href":"https:\/\/www.keramika.com\/srbija\/wp-json\/wp\/v2\/product_tag?post=94019"}],"curies":[{"name":"wp","href":"https:\/\/api.w.org\/{rel}","templated":true}]}}