{"id":94007,"date":"2017-07-02T06:10:33","date_gmt":"2017-07-02T06:10:33","guid":{"rendered":"http:\/\/www.ceramictiles.com\/srbija\/product\/alttoglass-mozaik-chic-grafite\/"},"modified":"2026-01-03T00:01:58","modified_gmt":"2026-01-03T00:01:58","slug":"alttoglass-mozaik-chic-grafite","status":"publish","type":"product","link":"https:\/\/www.keramika.com\/srbija\/alttoglass-mozaik-chic-grafite\/","title":{"rendered":"Alttoglass mozaik Chic Grafite"},"content":{"rendered":"<p>Prilikom izbora mozaika u glavnom sive boji ne\u0107ete pogre\u0161iti Alttoglass Mosaic Chic Grafite je dostupna po vrlo povoljnim cenama 20700 RSD. Dimenzije mre\u017ee na koju je pritvr\u0111en mozaik je 33,3&#215;33,3 cm. Mre\u017ea omogu\u0107ava jednostavnu instalaciju. Mozaik je debljine 4 mm, \u0161to ga \u010dini izuzetno tvrdim. Ovaj mozaik je proizveden od proizvo\u0111a\u010da Alttoglass, iz \u0160panije.<\/p>\n<p>Kliknite na ime serije za sve plo\u010dice u toj seriji: <a class=\"pdfcatal\" href=\"\/\/www.ceramictiles.com\/pdf\/altoglass\/catalogue_altoglass_chic.pdf\" onclick=\"recordOutboundLink(this, 'E-mail', 'Description PDF');return false;\">Alttoglass Chic<\/a><\/p>\n<p>Da bi naru\u010dili model iz PDF kataloga ove serije, molimo vas, da nas kontaktirate na: <a href=\"mailto:zo_mi@ceramictiles.com\" onclick=\"recordOutboundLink(this, 'E-mail', 'Description mail');return false;\">zo_mi@ceramictiles.com<\/a> ili nas pozovite na: For exact offer, PLS send us quantity and product you need with delivery address..<\/p>\n<p>Technical description: <br \/>Min. 1 box \u2013 Delivery 30 Euro\/box in EU<br \/>Ref. J4004 &#8211; 8,2 kg<\/p>\n","protected":false},"excerpt":{"rendered":"<p>Prilikom izbora mozaika u glavnom sive boji ne\u0107ete pogre\u0161iti Alttoglass Mosaic Chic Grafite je dostupna po vrlo povoljnim cenama 20700 RSD. Dimenzije mre\u017ee na koju je pritvr\u0111en mozaik je 33,3&#215;33,3 cm. Mre\u017ea omogu\u0107ava jednostavnu instalaciju. Mozaik je debljine 4 mm, \u0161to ga \u010dini izuzetno tvrdim. Ovaj mozaik je proizveden od proizvo\u0111a\u010da Alttoglass, iz \u0160panije. Kliknite [&hellip;]<\/p>\n","protected":false},"featured_media":94008,"template":"","meta":[],"product_cat":[999759,400,999,410],"product_tag":[],"_links":{"self":[{"href":"https:\/\/www.keramika.com\/srbija\/wp-json\/wp\/v2\/product\/94007"}],"collection":[{"href":"https:\/\/www.keramika.com\/srbija\/wp-json\/wp\/v2\/product"}],"about":[{"href":"https:\/\/www.keramika.com\/srbija\/wp-json\/wp\/v2\/types\/product"}],"wp:featuredmedia":[{"embeddable":true,"href":"https:\/\/www.keramika.com\/srbija\/wp-json\/wp\/v2\/media\/94008"}],"wp:attachment":[{"href":"https:\/\/www.keramika.com\/srbija\/wp-json\/wp\/v2\/media?parent=94007"}],"wp:term":[{"taxonomy":"product_cat","embeddable":true,"href":"https:\/\/www.keramika.com\/srbija\/wp-json\/wp\/v2\/product_cat?post=94007"},{"taxonomy":"product_tag","embeddable":true,"href":"https:\/\/www.keramika.com\/srbija\/wp-json\/wp\/v2\/product_tag?post=94007"}],"curies":[{"name":"wp","href":"https:\/\/api.w.org\/{rel}","templated":true}]}}